{"id":1643,"date":"2025-12-11T06:53:00","date_gmt":"2025-12-11T06:53:00","guid":{"rendered":"https:\/\/www.stage.matscobevattning.se\/?page_id=1643"},"modified":"2025-12-11T10:12:43","modified_gmt":"2025-12-11T10:12:43","slug":"retur-och-aterbetalning","status":"publish","type":"page","link":"https:\/\/www.stage.matscobevattning.se\/fi\/retur-och-aterbetalning\/","title":{"rendered":"Retur och \u00e5terbetalning"},"content":{"rendered":"<div class=\"wp-block-cover alignfull\" style=\"min-height:200px;aspect-ratio:unset;\"><img loading=\"lazy\" decoding=\"async\" width=\"2560\" height=\"1440\" class=\"wp-block-cover__image-background wp-image-27 size-full\" alt=\"\" src=\"https:\/\/www.stage.matscobevattning.se\/wp-content\/uploads\/2025\/08\/vectorbeast-90-scaled.jpg\" data-object-fit=\"cover\" srcset=\"https:\/\/www.stage.matscobevattning.se\/wp-content\/uploads\/2025\/08\/vectorbeast-90-scaled.jpg 2560w, https:\/\/www.stage.matscobevattning.se\/wp-content\/uploads\/2025\/08\/vectorbeast-90-scaled-600x338.jpg 600w, https:\/\/www.stage.matscobevattning.se\/wp-content\/uploads\/2025\/08\/vectorbeast-90-300x169.jpg 300w, https:\/\/www.stage.matscobevattning.se\/wp-content\/uploads\/2025\/08\/vectorbeast-90-1024x576.jpg 1024w, https:\/\/www.stage.matscobevattning.se\/wp-content\/uploads\/2025\/08\/vectorbeast-90-768x432.jpg 768w, https:\/\/www.stage.matscobevattning.se\/wp-content\/uploads\/2025\/08\/vectorbeast-90-1536x864.jpg 1536w, https:\/\/www.stage.matscobevattning.se\/wp-content\/uploads\/2025\/08\/vectorbeast-90-2048x1152.jpg 2048w\" sizes=\"auto, (max-width: 2560px) 100vw, 2560px\" \/><span aria-hidden=\"true\" class=\"wp-block-cover__background has-background-dim-60 has-background-dim\"><\/span><div class=\"wp-block-cover__inner-container is-layout-flow wp-block-cover-is-layout-flow\">\n<h1 class=\"wp-block-heading has-text-align-center has-ast-global-color-4-color has-text-color has-link-color has-large-font-size wp-elements-430b4bfd095defffaa962ccfc2324507\" style=\"padding-top:var(--wp--preset--spacing--80);padding-bottom:0\">Retur och \u00e5terbetalning<\/h1>\n\n\n\n<h4 class=\"wp-block-heading has-text-align-center has-ast-global-color-4-color has-text-color has-link-color has-small-font-size wp-elements-4acdd6b601bac4667d7b597d4cb71c36\" style=\"margin-top:0;margin-right:0;margin-bottom:0;margin-left:0;padding-top:var(--wp--preset--spacing--30);padding-right:0;padding-bottom:var(--wp--preset--spacing--30);padding-left:0\">\u00c5ngrade dig? Ingen fara \u2013 s\u00e5 h\u00e4r g\u00e5r det till.<\/h4>\n\n\n\n<p class=\"has-text-align-center\"><\/p>\n\n\n\n<p class=\"has-text-align-center\"><\/p>\n<\/div><\/div>\n\n\n\n\n\n<h2 class=\"wp-block-heading has-large-font-size\" style=\"padding-top:var(--wp--preset--spacing--70);padding-right:0;padding-bottom:0;padding-left:var(--wp--preset--spacing--80)\"><strong>\u00c5ngerr\u00e4tt<\/strong><\/h2>\n\n\n\n\n\n<div class=\"wp-block-columns is-layout-flex wp-container-core-columns-is-layout-ec2e7a44 wp-block-columns-is-layout-flex\" style=\"padding-top:0;padding-bottom:0\">\n<div class=\"wp-block-column is-layout-flow wp-block-column-is-layout-flow\">\n<p class=\"has-ast-global-color-1-color has-text-color has-link-color wp-elements-32fa371c599a0cdb7fc69f7cde03803c\">Vid k\u00f6p i v\u00e5r webbshop har du som privatperson 14 dagars \u00e5ngerr\u00e4tt enligt distansk\u00f6pslagen. \u00c5ngerr\u00e4tten g\u00e4ller fr\u00e5n den dag du tar emot varan.<\/p>\n<\/div>\n<\/div>\n\n\n\n<div class=\"wp-block-columns is-layout-flex wp-container-core-columns-is-layout-a54e0cfc wp-block-columns-is-layout-flex\" style=\"padding-top:var(--wp--preset--spacing--60);padding-bottom:var(--wp--preset--spacing--60)\">\n<div class=\"wp-block-column is-layout-flow wp-block-column-is-layout-flow\">\n<h2 class=\"wp-block-heading has-large-font-size\" id=\"ompolicy\"><strong>S\u00e5 returnerar du din vara<\/strong><\/h2>\n\n\n\n<ol class=\"wp-block-list\">\n<li class=\"has-ast-global-color-1-color has-text-color has-link-color wp-elements-247d2c96e693be3e46c7025f9b15aa6c\">Kontakta v\u00e5r kundtj\u00e4nst via e-post \u2013 <strong>info@matscobevattning.se<\/strong><\/li>\n\n\n\n<li class=\"has-ast-global-color-1-color has-text-color has-link-color wp-elements-a72fbfcdad36faf7c3ef169803c1eb77\">Vi skickar dig instruktioner och en returetikett om s\u00e5 beh\u00f6vs<\/li>\n\n\n\n<li class=\"has-ast-global-color-1-color has-text-color has-link-color wp-elements-77bced76fc36095c01b08f3fabe1b95f\">Packa varan v\u00e4l och se till att den \u00e4r i v\u00e4sentligen of\u00f6r\u00e4ndrat skick<\/li>\n\n\n\n<li class=\"has-ast-global-color-1-color has-text-color has-link-color wp-elements-d66011c43dc7365cd78de6a3b31741a0\">Skicka tillbaka varan till den adress vi anger<\/li>\n<\/ol>\n\n\n\n<h3 class=\"wp-block-heading has-medium-font-size\"><strong>Vid retur eller reklamation, ange g\u00e4rna:<\/strong><\/h3>\n\n\n\n<ul class=\"wp-block-list\">\n<li class=\"has-ast-global-color-1-color has-text-color has-link-color wp-elements-9cf26e15a01e3c99c971e5cefec69294\">Ordernummer<\/li>\n\n\n\n<li class=\"has-ast-global-color-1-color has-text-color has-link-color wp-elements-b8e5737eb521b9d366a60d5852d82bd5\">Produktnamn<\/li>\n\n\n\n<li class=\"has-ast-global-color-1-color has-text-color has-link-color wp-elements-e856a65bb3e847b2ebc88064319f7740\">Om det g\u00e4ller \u00e5ngerk\u00f6p eller reklamation<\/li>\n\n\n\n<li class=\"has-ast-global-color-1-color has-text-color has-link-color wp-elements-296b42523046cafb12f8a7417704bd2b\">Kort beskrivning av anledningen<\/li>\n<\/ul>\n\n\n\n<h2 class=\"wp-block-heading has-large-font-size\"><strong>Villkor f\u00f6r retur<\/strong><\/h2>\n\n\n\n<ol class=\"wp-block-list\">\n<li class=\"has-ast-global-color-1-color has-text-color has-link-color wp-elements-196ec8533e4af690e89c47b2d34c5169\">Varan ska vara i v\u00e4sentligen of\u00f6r\u00e4ndrat skick<\/li>\n\n\n\n<li class=\"has-ast-global-color-1-color has-text-color has-link-color wp-elements-8614ad98afaec7d991e23a97cd11f401\">Du f\u00e5r \u00f6ppna f\u00f6rpackningen och unders\u00f6ka produkten, men inte anv\u00e4nda den<\/li>\n\n\n\n<li class=\"has-ast-global-color-1-color has-text-color has-link-color wp-elements-35e79e1b3b830a32d99c2392a49d6781\">Originalf\u00f6rpackning, tillbeh\u00f6r och eventuell dokumentation ska medf\u00f6lja<\/li>\n\n\n\n<li class=\"has-ast-global-color-1-color has-text-color has-link-color wp-elements-9cb9df12afc5901851372aa6ba650d53\">Du som kund st\u00e5r f\u00f6r returfrakt vid \u00e5ngerk\u00f6p<\/li>\n<\/ol>\n\n\n\n<h3 class=\"wp-block-heading has-medium-font-size\"><strong>\u00c5terbetalning<\/strong><\/h3>\n\n\n\n<p class=\"has-ast-global-color-1-color has-text-color has-link-color wp-elements-f7a9ff51d2f35db986dfc89c790eaa4e\">N\u00e4r vi har tagit emot och godk\u00e4nt din retur \u00e5terbetalar vi det du betalat f\u00f6r varan inom 14 dagar. \u00c5terbetalning sker till samma konto som anv\u00e4ndes vid k\u00f6pet.<br><br>Observera att vi kan h\u00e5lla inne \u00e5terbetalningen tills vi mottagit varorna tillbaka, eller tills du har visat bevis f\u00f6r att du har skickat tillbaka dem.<\/p>\n\n\n\n<h3 class=\"wp-block-heading has-medium-font-size\"><strong>Reklamation<\/strong><\/h3>\n\n\n\n<p class=\"has-ast-global-color-1-color has-text-color has-link-color wp-elements-7282742a2f2120ddf556301db5a57af8\">Om varan \u00e4r felaktig eller skadad vid leverans g\u00e4ller konsumentk\u00f6plagen. Kontakta oss omedelbart s\u00e5 hj\u00e4lper vi dig. Vid godk\u00e4nd reklamation st\u00e5r vi f\u00f6r returfrakt.<\/p>\n<\/div>\n<\/div>\n\n\n\n<hr class=\"wp-block-separator has-alpha-channel-opacity is-style-wide\"\/>\n\n\n\n<p class=\"has-ast-global-color-1-color has-text-color has-link-color has-small-font-size wp-elements-cea2de4ac335d7400c1640b5d520a485\" style=\"padding-bottom:var(--wp--preset--spacing--80);font-style:italic;font-weight:100\"><em>Denna policy efterlever GDPR och svensk dataskyddslagstiftning. Senast uppdaterad: 2025-<\/em>12-11<\/p>","protected":false},"excerpt":{"rendered":"<p>\u00c5ngerr\u00e4tt Vid k\u00f6p i v\u00e5r webbshop har du som privatperson 14 dagars \u00e5ngerr\u00e4tt enligt distansk\u00f6pslagen. \u00c5ngerr\u00e4tten g\u00e4ller fr\u00e5n den dag [&hellip;]<\/p>\n","protected":false},"author":1,"featured_media":0,"parent":0,"menu_order":0,"comment_status":"closed","ping_status":"closed","template":"","meta":{"site-sidebar-layout":"no-sidebar","site-content-layout":"plain-container","ast-site-content-layout":"full-width-container","site-content-style":"default","site-sidebar-style":"default","ast-global-header-display":"","ast-banner-title-visibility":"","ast-main-header-display":"","ast-hfb-above-header-display":"","ast-hfb-below-header-display":"","ast-hfb-mobile-header-display":"","site-post-title":"disabled","ast-breadcrumbs-content":"","ast-featured-img":"","footer-sml-layout":"","theme-transparent-header-meta":"enabled","adv-header-id-meta":"","stick-header-meta":"","header-above-stick-meta":"","header-main-stick-meta":"","header-below-stick-meta":"","astra-migrate-meta-layouts":"default","ast-page-background-enabled":"default","ast-page-background-meta":{"desktop":{"background-color":"var(--ast-global-color-5)","background-image":"","background-repeat":"repeat","background-position":"center center","background-size":"auto","background-attachment":"scroll","background-type":"","background-media":"","overlay-type":"","overlay-color":"","overlay-opacity":"","overlay-gradient":""},"tablet":{"background-color":"","background-image":"","background-repeat":"repeat","background-position":"center center","background-size":"auto","background-attachment":"scroll","background-type":"","background-media":"","overlay-type":"","overlay-color":"","overlay-opacity":"","overlay-gradient":""},"mobile":{"background-color":"","background-image":"","background-repeat":"repeat","background-position":"center center","background-size":"auto","background-attachment":"scroll","background-type":"","background-media":"","overlay-type":"","overlay-color":"","overlay-opacity":"","overlay-gradient":""}},"ast-content-background-meta":{"desktop":{"background-color":"var(--ast-global-color-4)","background-image":"","background-repeat":"repeat","background-position":"center center","background-size":"auto","background-attachment":"scroll","background-type":"","background-media":"","overlay-type":"","overlay-color":"","overlay-opacity":"","overlay-gradient":""},"tablet":{"background-color":"var(--ast-global-color-4)","background-image":"","background-repeat":"repeat","background-position":"center center","background-size":"auto","background-attachment":"scroll","background-type":"","background-media":"","overlay-type":"","overlay-color":"","overlay-opacity":"","overlay-gradient":""},"mobile":{"background-color":"var(--ast-global-color-4)","background-image":"","background-repeat":"repeat","background-position":"center center","background-size":"auto","background-attachment":"scroll","background-type":"","background-media":"","overlay-type":"","overlay-color":"","overlay-opacity":"","overlay-gradient":""}},"footnotes":""},"class_list":["post-1643","page","type-page","status-publish","hentry"],"_links":{"self":[{"href":"https:\/\/www.stage.matscobevattning.se\/fi\/wp-json\/wp\/v2\/pages\/1643","targetHints":{"allow":["GET"]}}],"collection":[{"href":"https:\/\/www.stage.matscobevattning.se\/fi\/wp-json\/wp\/v2\/pages"}],"about":[{"href":"https:\/\/www.stage.matscobevattning.se\/fi\/wp-json\/wp\/v2\/types\/page"}],"author":[{"embeddable":true,"href":"https:\/\/www.stage.matscobevattning.se\/fi\/wp-json\/wp\/v2\/users\/1"}],"replies":[{"embeddable":true,"href":"https:\/\/www.stage.matscobevattning.se\/fi\/wp-json\/wp\/v2\/comments?post=1643"}],"version-history":[{"count":24,"href":"https:\/\/www.stage.matscobevattning.se\/fi\/wp-json\/wp\/v2\/pages\/1643\/revisions"}],"predecessor-version":[{"id":1698,"href":"https:\/\/www.stage.matscobevattning.se\/fi\/wp-json\/wp\/v2\/pages\/1643\/revisions\/1698"}],"wp:attachment":[{"href":"https:\/\/www.stage.matscobevattning.se\/fi\/wp-json\/wp\/v2\/media?parent=1643"}],"curies":[{"name":"wp","href":"https:\/\/api.w.org\/{rel}","templated":true}]}}