{"id":230,"date":"2025-08-08T12:06:53","date_gmt":"2025-08-08T12:06:53","guid":{"rendered":"https:\/\/www.matscobevattning.se\/?page_id=230"},"modified":"2025-10-20T13:53:32","modified_gmt":"2025-10-20T13:53:32","slug":"om-oss","status":"publish","type":"page","link":"https:\/\/www.stage.matscobevattning.se\/fi\/om-oss\/","title":{"rendered":"Om oss"},"content":{"rendered":"<div class=\"wp-block-cover alignfull\" style=\"min-height:500px;aspect-ratio:unset;\"><img loading=\"lazy\" decoding=\"async\" width=\"1920\" height=\"600\" class=\"wp-block-cover__image-background wp-image-596 size-full\" alt=\"\" src=\"https:\/\/www.stage.matscobevattning.se\/wp-content\/uploads\/2025\/08\/matsco_site_toppbild_omoss.jpg\" data-object-fit=\"cover\" srcset=\"https:\/\/www.stage.matscobevattning.se\/wp-content\/uploads\/2025\/08\/matsco_site_toppbild_omoss.jpg 1920w, https:\/\/www.stage.matscobevattning.se\/wp-content\/uploads\/2025\/08\/matsco_site_toppbild_omoss-600x188.jpg 600w, https:\/\/www.stage.matscobevattning.se\/wp-content\/uploads\/2025\/08\/matsco_site_toppbild_omoss-300x94.jpg 300w, https:\/\/www.stage.matscobevattning.se\/wp-content\/uploads\/2025\/08\/matsco_site_toppbild_omoss-1024x320.jpg 1024w, https:\/\/www.stage.matscobevattning.se\/wp-content\/uploads\/2025\/08\/matsco_site_toppbild_omoss-768x240.jpg 768w, https:\/\/www.stage.matscobevattning.se\/wp-content\/uploads\/2025\/08\/matsco_site_toppbild_omoss-1536x480.jpg 1536w\" sizes=\"auto, (max-width: 1920px) 100vw, 1920px\" \/><span aria-hidden=\"true\" class=\"wp-block-cover__background has-background-dim-60 has-background-dim\"><\/span><div class=\"wp-block-cover__inner-container is-layout-flow wp-block-cover-is-layout-flow\">\n<h1 class=\"wp-block-heading has-text-align-center has-ast-global-color-4-color has-text-color has-link-color wp-elements-207b780096f7a413085b111ce8380cd7\" style=\"padding-top:var(--wp--preset--spacing--60);padding-bottom:0\">Om oss<\/h1>\n\n\n\n<h4 class=\"wp-block-heading has-text-align-center has-ast-global-color-4-color has-text-color has-link-color wp-elements-20740336e14a8aaaaf6e0a27860b3de0\" style=\"margin-top:0;margin-right:0;margin-bottom:0;margin-left:0;padding-top:0;padding-right:0;padding-bottom:0;padding-left:0\">Vi p\u00e5 Matsco Bevattning installerar och servar bevattningsanl\u00e4ggningar och s\u00e4ljer reservdelar.<\/h4>\n\n\n\n<div class=\"wp-block-buttons is-content-justification-center is-layout-flex wp-container-core-buttons-is-layout-a89b3969 wp-block-buttons-is-layout-flex\">\n<div class=\"wp-block-button\"><a class=\"wp-block-button__link wp-element-button\" href=\"https:\/\/www.stage.matscobevattning.se\/index.php\/tjanster\/\">L\u00e4s mer om v\u00e5ra tj\u00e4nster h\u00e4r<\/a><\/div>\n<\/div>\n<\/div><\/div>\n\n\n\n\n\n<div class=\"wp-block-group alignfull has-ast-global-color-1-background-color has-background is-layout-constrained wp-block-group-is-layout-constrained\" style=\"padding-top:0;padding-bottom:0\">\n<div class=\"wp-block-columns is-layout-flex wp-container-core-columns-is-layout-7335089c wp-block-columns-is-layout-flex\" style=\"padding-top:0;padding-bottom:0;padding-left:var(--wp--preset--spacing--80)\">\n<div class=\"wp-block-column is-layout-flow wp-block-column-is-layout-flow\" style=\"padding-top:var(--wp--preset--spacing--70);padding-right:0;padding-left:0;flex-basis:60%\">\n<h3 class=\"wp-block-heading has-ast-global-color-4-color has-text-color has-link-color wp-elements-6eab363819fd424af527478f847df007\" style=\"padding-top:28px;padding-bottom:0px;font-size:42px\">Service och installation av bevattningsanl\u00e4ggningar<\/h3>\n\n\n\n<p class=\"has-ast-global-color-4-color has-text-color has-link-color has-small-font-size wp-elements-a86203be1f501704c16ffe5b0eff3d46\" style=\"line-height:1.6\">Vi p\u00e5 Matsco Bevattning har i \u00f6ver 30 \u00e5r skapat och installerat bevattningssystem f\u00f6r golfbanor, parker, kyrkog\u00e5rdar och fastigheter. Vi har l\u00e4rt oss konsten att g\u00f6ra detta arbete kostnadseffektivt och med stor omsorg. Genom \u00e5ren har vi knutit n\u00e4ra band med partners \u00f6ver hela landet och f\u00f6rst\u00e5tt vad som kr\u00e4vs f\u00f6r att leverera professionella resultat till b\u00e5de offentliga och privata akt\u00f6rer. Sedan 2022 \u00e4r Matsco AB en del av <strong><a href=\"https:\/\/debeflowgroup.com\/\">Debe Flow Group<\/a><\/strong>.<br><br>Vi erbjuder service, nyinstallation och reservdelar till alla typer av bevattningsanl\u00e4ggningar. Vi hj\u00e4lper b\u00e5de offentliga och privata akt\u00f6rer att effektivisera sin bevattning med moderna l\u00f6sningar och h\u00f6gkvalitativ utrustning.<\/p>\n\n\n\n<p class=\"has-ast-global-color-4-color has-text-color has-link-color has-small-font-size wp-elements-09ec8ea193f45394fe8e4ab078f37e33\" style=\"line-height:1.6\">Vi \u00e4r specialiserade p\u00e5 bevattning f\u00f6r:<\/p>\n\n\n\n<ul style=\"margin-top:0;margin-bottom:0;padding-top:0;padding-bottom:0\" class=\"wp-block-list\">\n<li class=\"has-ast-global-color-4-color has-text-color has-link-color has-small-font-size wp-elements-4876aa9f248c44ec3ee70362691220d5\">golfbanor<\/li>\n\n\n\n<li class=\"has-ast-global-color-4-color has-text-color has-link-color has-small-font-size wp-elements-70c1b4ff598e9dd4ededdae6d3c5c4b4\">kyrkog\u00e5rdar<\/li>\n\n\n\n<li class=\"has-ast-global-color-4-color has-text-color has-link-color has-small-font-size wp-elements-d756ee666d2a08a10d2ace2005b87884\">parker<\/li>\n\n\n\n<li class=\"has-ast-global-color-4-color has-text-color has-link-color has-small-font-size wp-elements-d4a48b7aecf3ac6f623ba7e8c993f32d\">fotbollsplaner och andra idrottsanl\u00e4ggningar<\/li>\n<\/ul>\n\n\n\n<p class=\"has-ast-global-color-4-color has-text-color has-link-color has-small-font-size wp-elements-47a478ad7cd4a50de66dfc68f5778d6e\" style=\"line-height:1.6\">Vi levererar b\u00e5de utrustning och installation \u2013 alltid med fokus p\u00e5 h\u00e5llbarhet och effektivitet.<\/p>\n\n\n\n<p class=\"has-ast-global-color-4-color has-text-color has-link-color has-small-font-size wp-elements-84a283e731b0366f0c87876fc585806b\" style=\"line-height:1.6\">Fr\u00e5n 2024 har vi \u00e4ven etablerat verksamhet i Finland.<\/p>\n\n\n\n<figure class=\"wp-block-image size-large is-resized\"><a href=\"https:\/\/debeflowgroup.com\/\"><img loading=\"lazy\" decoding=\"async\" width=\"1024\" height=\"294\" src=\"https:\/\/www.stage.matscobevattning.se\/wp-content\/uploads\/2025\/08\/debe_logotyp_cmyk-vit-1024x294.png\" alt=\"\" class=\"wp-image-633\" style=\"width:174px;height:auto\" srcset=\"https:\/\/www.stage.matscobevattning.se\/wp-content\/uploads\/2025\/08\/debe_logotyp_cmyk-vit-1024x294.png 1024w, https:\/\/www.stage.matscobevattning.se\/wp-content\/uploads\/2025\/08\/debe_logotyp_cmyk-vit-scaled-600x172.png 600w, https:\/\/www.stage.matscobevattning.se\/wp-content\/uploads\/2025\/08\/debe_logotyp_cmyk-vit-300x86.png 300w, https:\/\/www.stage.matscobevattning.se\/wp-content\/uploads\/2025\/08\/debe_logotyp_cmyk-vit-768x220.png 768w, https:\/\/www.stage.matscobevattning.se\/wp-content\/uploads\/2025\/08\/debe_logotyp_cmyk-vit-1536x441.png 1536w, https:\/\/www.stage.matscobevattning.se\/wp-content\/uploads\/2025\/08\/debe_logotyp_cmyk-vit-2048x588.png 2048w, https:\/\/www.stage.matscobevattning.se\/wp-content\/uploads\/2025\/08\/debe_logotyp_cmyk-vit-350x100.png 350w\" sizes=\"auto, (max-width: 1024px) 100vw, 1024px\" \/><\/a><\/figure>\n<\/div>\n\n\n\n<div class=\"wp-block-column is-layout-flow wp-container-core-column-is-layout-f016c79b wp-block-column-is-layout-flow\" style=\"padding-top:0;padding-right:0;padding-bottom:0;padding-left:0;flex-basis:40%\">\n<figure class=\"wp-block-image size-full has-custom-border\" style=\"margin-top:0;margin-right:0;margin-bottom:0;margin-left:0\"><img loading=\"lazy\" decoding=\"async\" width=\"450\" height=\"600\" src=\"https:\/\/www.stage.matscobevattning.se\/wp-content\/uploads\/2025\/08\/blockbild_tjanstesida_2-1.jpg\" alt=\"\" class=\"wp-image-802\" style=\"border-style:none;border-width:0px;border-radius:0px;box-shadow:none;aspect-ratio:0.5625;object-fit:contain\" srcset=\"https:\/\/www.stage.matscobevattning.se\/wp-content\/uploads\/2025\/08\/blockbild_tjanstesida_2-1.jpg 450w, https:\/\/www.stage.matscobevattning.se\/wp-content\/uploads\/2025\/08\/blockbild_tjanstesida_2-1-225x300.jpg 225w\" sizes=\"auto, (max-width: 450px) 100vw, 450px\" \/><\/figure>\n<\/div>\n<\/div>\n<\/div>\n\n\n\n\n\n<div class=\"wp-block-group is-layout-constrained wp-container-core-group-is-layout-fd9b688b wp-block-group-is-layout-constrained\" style=\"padding-left:0\">\n<h2 class=\"wp-block-heading has-text-align-left has-large-font-size\" style=\"padding-left:var(--wp--preset--spacing--80)\">Hitta till oss p\u00e5 Matsco Bevattning<\/h2>\n\n\n\n<div class=\"wp-block-columns is-layout-flex wp-container-core-columns-is-layout-34766bba wp-block-columns-is-layout-flex\" style=\"padding-top:var(--wp--preset--spacing--30);padding-bottom:var(--wp--preset--spacing--30);padding-left:var(--wp--preset--spacing--80)\">\n<div class=\"wp-block-column is-layout-flow wp-block-column-is-layout-flow\">\n<h4 class=\"wp-block-heading has-text-align-left\"><strong>Adress<\/strong><\/h4>\n\n\n\n<p class=\"has-ast-global-color-1-color has-text-color has-link-color wp-elements-5537979ab7c5462b078ccecfd7dea0d9\">Vi utg\u00e5r fr\u00e5n v\u00e5rt kontor och lager i J\u00f6nk\u00f6ping. Sedan \u00e5r 2023 sitter vi i nya fr\u00e4scha lokaler, se adress nedan.<\/p>\n\n\n\n<p class=\"has-ast-global-color-1-color has-text-color has-link-color wp-elements-4c67481461d3343fa3625bd8b460075e\"><strong>Matsco Aktiebolag<br>Maskingatan 5 (Haga f\u00f6retagspark)<br>554 74 J\u00f6nk\u00f6ping<\/strong><\/p>\n\n\n\n<hr class=\"wp-block-separator has-text-color has-ast-global-color-5-color has-alpha-channel-opacity has-ast-global-color-5-background-color has-background\"\/>\n\n\n\n<h4 class=\"wp-block-heading has-text-align-left\"><strong>Adress i Finland<\/strong><\/h4>\n\n\n\n<p class=\"has-ast-global-color-1-color has-text-color has-link-color wp-elements-48aa6fd1ecc45e6ff2d863d0437c7345\">Vi har \u00e4ven etablerad verksamhet i Finland.<\/p>\n\n\n\n<p class=\"has-ast-global-color-1-color has-text-color has-link-color wp-elements-a02fa85fba5a68eba1d3d4f6d519a5bd\"><strong>Kasteninkatu 2<br>FI-08150 Lohja<br>Finland<\/strong><\/p>\n<\/div>\n\n\n\n<div class=\"wp-block-column is-layout-flow wp-block-column-is-layout-flow\">\n<iframe src=\"https:\/\/www.google.com\/maps\/embed?pb=!1m18!1m12!1m3!1d2128.541784225492!2d14.143735276696816!3d57.75820417389195!2m3!1f0!2f0!3f0!3m2!1i1024!2i768!4f13.1!3m3!1m2!1s0x465a72094bd12649%3A0x8adf743693c17c3d!2sMaskingatan%205%2C%20554%2074%20J%C3%B6nk%C3%B6ping!5e0!3m2!1ssv!2sse!4v1755859068506!5m2!1ssv!2sse\" width=\"600\" height=\"450\" style=\"border:0;\" allowfullscreen=\"\" loading=\"lazy\" referrerpolicy=\"no-referrer-when-downgrade\">\n<\/iframe>\n<\/div>\n<\/div>\n\n\n\n<div class=\"wp-block-columns is-layout-flex wp-container-core-columns-is-layout-ef350914 wp-block-columns-is-layout-flex\" style=\"padding-top:var(--wp--preset--spacing--30);padding-bottom:var(--wp--preset--spacing--30)\">\n<div class=\"wp-block-column is-layout-flow wp-block-column-is-layout-flow\"><\/div>\n<\/div>\n<\/div>","protected":false},"excerpt":{"rendered":"<p>Service och installation av bevattningsanl\u00e4ggningar Vi p\u00e5 Matsco Bevattning har i \u00f6ver 30 \u00e5r skapat och installerat bevattningssystem f\u00f6r golfbanor, [&hellip;]<\/p>\n","protected":false},"author":1,"featured_media":0,"parent":0,"menu_order":0,"comment_status":"closed","ping_status":"closed","template":"","meta":{"site-sidebar-layout":"no-sidebar","site-content-layout":"plain-container","ast-site-content-layout":"full-width-container","site-content-style":"default","site-sidebar-style":"default","ast-global-header-display":"","ast-banner-title-visibility":"","ast-main-header-display":"","ast-hfb-above-header-display":"","ast-hfb-below-header-display":"","ast-hfb-mobile-header-display":"","site-post-title":"disabled","ast-breadcrumbs-content":"","ast-featured-img":"","footer-sml-layout":"","theme-transparent-header-meta":"enabled","adv-header-id-meta":"","stick-header-meta":"","header-above-stick-meta":"","header-main-stick-meta":"","header-below-stick-meta":"","astra-migrate-meta-layouts":"default","ast-page-background-enabled":"default","ast-page-background-meta":{"desktop":{"background-color":"var(--ast-global-color-5)","background-image":"","background-repeat":"repeat","background-position":"center center","background-size":"auto","background-attachment":"scroll","background-type":"","background-media":"","overlay-type":"","overlay-color":"","overlay-opacity":"","overlay-gradient":""},"tablet":{"background-color":"","background-image":"","background-repeat":"repeat","background-position":"center center","background-size":"auto","background-attachment":"scroll","background-type":"","background-media":"","overlay-type":"","overlay-color":"","overlay-opacity":"","overlay-gradient":""},"mobile":{"background-color":"","background-image":"","background-repeat":"repeat","background-position":"center center","background-size":"auto","background-attachment":"scroll","background-type":"","background-media":"","overlay-type":"","overlay-color":"","overlay-opacity":"","overlay-gradient":""}},"ast-content-background-meta":{"desktop":{"background-color":"var(--ast-global-color-4)","background-image":"","background-repeat":"repeat","background-position":"center center","background-size":"auto","background-attachment":"scroll","background-type":"","background-media":"","overlay-type":"","overlay-color":"","overlay-opacity":"","overlay-gradient":""},"tablet":{"background-color":"var(--ast-global-color-4)","background-image":"","background-repeat":"repeat","background-position":"center center","background-size":"auto","background-attachment":"scroll","background-type":"","background-media":"","overlay-type":"","overlay-color":"","overlay-opacity":"","overlay-gradient":""},"mobile":{"background-color":"var(--ast-global-color-4)","background-image":"","background-repeat":"repeat","background-position":"center center","background-size":"auto","background-attachment":"scroll","background-type":"","background-media":"","overlay-type":"","overlay-color":"","overlay-opacity":"","overlay-gradient":""}},"footnotes":""},"class_list":["post-230","page","type-page","status-publish","hentry"],"_links":{"self":[{"href":"https:\/\/www.stage.matscobevattning.se\/fi\/wp-json\/wp\/v2\/pages\/230","targetHints":{"allow":["GET"]}}],"collection":[{"href":"https:\/\/www.stage.matscobevattning.se\/fi\/wp-json\/wp\/v2\/pages"}],"about":[{"href":"https:\/\/www.stage.matscobevattning.se\/fi\/wp-json\/wp\/v2\/types\/page"}],"author":[{"embeddable":true,"href":"https:\/\/www.stage.matscobevattning.se\/fi\/wp-json\/wp\/v2\/users\/1"}],"replies":[{"embeddable":true,"href":"https:\/\/www.stage.matscobevattning.se\/fi\/wp-json\/wp\/v2\/comments?post=230"}],"version-history":[{"count":120,"href":"https:\/\/www.stage.matscobevattning.se\/fi\/wp-json\/wp\/v2\/pages\/230\/revisions"}],"predecessor-version":[{"id":1371,"href":"https:\/\/www.stage.matscobevattning.se\/fi\/wp-json\/wp\/v2\/pages\/230\/revisions\/1371"}],"wp:attachment":[{"href":"https:\/\/www.stage.matscobevattning.se\/fi\/wp-json\/wp\/v2\/media?parent=230"}],"curies":[{"name":"wp","href":"https:\/\/api.w.org\/{rel}","templated":true}]}}