{"id":234,"date":"2025-08-08T12:07:21","date_gmt":"2025-08-08T12:07:21","guid":{"rendered":"https:\/\/www.matscobevattning.se\/?page_id=234"},"modified":"2025-12-11T09:39:57","modified_gmt":"2025-12-11T09:39:57","slug":"kontakt","status":"publish","type":"page","link":"https:\/\/www.stage.matscobevattning.se\/fi\/kontakt\/","title":{"rendered":"Kontakt"},"content":{"rendered":"\n<div class=\"wp-block-cover alignfull\" style=\"min-height:400px;aspect-ratio:unset;\"><img loading=\"lazy\" decoding=\"async\" width=\"1920\" height=\"600\" class=\"wp-block-cover__image-background wp-image-199 size-full\" alt=\"\" src=\"https:\/\/www.stage.matscobevattning.se\/wp-content\/uploads\/2025\/08\/matsco_header_rosariet.jpg\" data-object-fit=\"cover\" srcset=\"https:\/\/www.stage.matscobevattning.se\/wp-content\/uploads\/2025\/08\/matsco_header_rosariet.jpg 1920w, https:\/\/www.stage.matscobevattning.se\/wp-content\/uploads\/2025\/08\/matsco_header_rosariet-600x188.jpg 600w, https:\/\/www.stage.matscobevattning.se\/wp-content\/uploads\/2025\/08\/matsco_header_rosariet-300x94.jpg 300w, https:\/\/www.stage.matscobevattning.se\/wp-content\/uploads\/2025\/08\/matsco_header_rosariet-1024x320.jpg 1024w, https:\/\/www.stage.matscobevattning.se\/wp-content\/uploads\/2025\/08\/matsco_header_rosariet-768x240.jpg 768w, https:\/\/www.stage.matscobevattning.se\/wp-content\/uploads\/2025\/08\/matsco_header_rosariet-1536x480.jpg 1536w\" sizes=\"auto, (max-width: 1920px) 100vw, 1920px\" \/><span aria-hidden=\"true\" class=\"wp-block-cover__background has-background-dim-60 has-background-dim\"><\/span><div class=\"wp-block-cover__inner-container is-layout-flow wp-block-cover-is-layout-flow\">\n<h1 class=\"wp-block-heading has-text-align-center has-ast-global-color-4-color has-text-color has-link-color has-x-large-font-size wp-elements-fba0c5d51a917bddaf53646bf28aa892\" style=\"padding-top:var(--wp--preset--spacing--80);padding-bottom:0\">Kontakta oss p\u00e5 Matsco Bevattning<\/h1>\n\n\n\n<h4 class=\"wp-block-heading has-text-align-center has-ast-global-color-4-color has-text-color has-link-color has-small-font-size wp-elements-8708e9bc3b6ff2c249e4c969ea379134\" style=\"margin-top:0;margin-right:0;margin-bottom:0;margin-left:0;padding-top:var(--wp--preset--spacing--30);padding-right:0;padding-bottom:var(--wp--preset--spacing--30);padding-left:0\">Din specialist inom effektiva bevattningssystem. Kontakta oss g\u00e4rna kring allt som r\u00f6r bevattning, oavsett om det g\u00e4ller nyinstallationer<br>eller service av befintliga anl\u00e4ggningar.<\/h4>\n\n\n\n<p class=\"has-text-align-center\"><\/p>\n<\/div><\/div>\n\n\n\n\n\n<div class=\"wp-block-group alignfull has-ast-global-color-6-background-color has-background is-layout-constrained wp-container-core-group-is-layout-f9d773c8 wp-block-group-is-layout-constrained\" style=\"padding-top:76px;padding-bottom:110px\">\n<h2 class=\"wp-block-heading has-text-align-center has-medium-font-size\"><strong>Vill du komma i kontakt med oss? Vi svarar p\u00e5 alla fr\u00e5gor g\u00e4llande bevattning.<\/strong><\/h2>\n\n\n\n<div class=\"wp-block-columns is-layout-flex wp-container-core-columns-is-layout-cad8a894 wp-block-columns-is-layout-flex\" style=\"padding-left:var(--wp--preset--spacing--60)\">\n<div class=\"wp-block-column is-layout-flow wp-block-column-is-layout-flow\"><style id=\"wpforms-css-vars-657-block-b6658d37-5ed3-4703-997d-8a5c06ba4023\">\n\t\t\t\t#wpforms-657.wpforms-block-b6658d37-5ed3-4703-997d-8a5c06ba4023 {\n\t\t\t\t--wpforms-label-color: #262626;\n--wpforms-label-sublabel-color: #7f7f7f;\n--wpforms-label-error-color: #ff0000;\n--wpforms-page-break-color: #dddddd;\n--wpforms-field-border-radius: 0px;\n--wpforms-field-border-color: #cccccc;\n--wpforms-field-border-color-spare: #cccccc;\n--wpforms-field-text-color: #444444;\n--wpforms-button-border-style: solid;\n--wpforms-button-border-radius: 0px;\n--wpforms-button-background-color: #7BA7E1;\n--wpforms-button-border-color: #1E4D8B;\n--wpforms-field-size-input-height: 43px;\n--wpforms-field-size-input-spacing: 15px;\n--wpforms-field-size-font-size: 16px;\n--wpforms-field-size-line-height: 19px;\n--wpforms-field-size-padding-h: 14px;\n--wpforms-field-size-checkbox-size: 16px;\n--wpforms-field-size-sublabel-spacing: 5px;\n--wpforms-field-size-icon-size: 1;\n--wpforms-label-size-font-size: 14px;\n--wpforms-label-size-line-height: 17px;\n--wpforms-label-size-sublabel-font-size: 13px;\n--wpforms-label-size-sublabel-line-height: 16px;\n--wpforms-button-size-font-size: 17px;\n--wpforms-button-size-height: 41px;\n--wpforms-button-size-padding-h: 15px;\n--wpforms-button-size-margin-top: 10px;\n\t\t\t}\n\t\t\t<\/style><div class=\"wpforms-container wpforms-container-full wpforms-block wpforms-block-b6658d37-5ed3-4703-997d-8a5c06ba4023 wpforms-render-modern\" id=\"wpforms-657\"><form id=\"wpforms-form-657\" class=\"wpforms-validate wpforms-form wpforms-ajax-form\" data-formid=\"657\" method=\"post\" enctype=\"multipart\/form-data\" action=\"\/fi\/wp-json\/wp\/v2\/pages\/234\" data-token=\"b6241d456f7f9cf8f197ce2535d9bada\" data-token-time=\"1776913408\"><noscript class=\"wpforms-error-noscript\">Please enable JavaScript in your browser to complete this form.<\/noscript><div id=\"wpforms-error-noscript\" style=\"display: none;\">Please enable JavaScript in your browser to complete this form.<\/div><div class=\"wpforms-field-container\"><div id=\"wpforms-657-field_1-container\" class=\"wpforms-field wpforms-field-select wpforms-field-select-style-classic\" data-field-id=\"1\"><label class=\"wpforms-field-label\" for=\"wpforms-657-field_1\">Vad g\u00e4ller ditt \u00e4rende?<\/label><select id=\"wpforms-657-field_1\" class=\"wpforms-field-large\" name=\"wpforms[fields][1]\"><option value=\"Installation\"  class=\"choice-1 depth-1\"  >Installation<\/option><option value=\"Service och underh\u00e5ll\"  class=\"choice-2 depth-1\"  >Service och underh\u00e5ll<\/option><option value=\"K\u00f6p av reservdelar\"  class=\"choice-3 depth-1\"  >K\u00f6p av reservdelar<\/option><option value=\"Bevattning\"  class=\"choice-4 depth-1\"  >Bevattning<\/option><option value=\"Finansiering\"  class=\"choice-6 depth-1\"  >Finansiering<\/option><option value=\"\u00d6vrigt\"  class=\"choice-5 depth-1\"  >\u00d6vrigt<\/option><\/select><\/div><div id=\"wpforms-657-field_2-container\" class=\"wpforms-field wpforms-field-text\" data-field-id=\"2\"><label class=\"wpforms-field-label\" for=\"wpforms-657-field_2\">F\u00f6r- och efternamn <span class=\"wpforms-required-label\" aria-hidden=\"true\">*<\/span><\/label><input type=\"text\" id=\"wpforms-657-field_2\" class=\"wpforms-field-large wpforms-field-required\" name=\"wpforms[fields][2]\" aria-errormessage=\"wpforms-657-field_2-error\" required><\/div><div id=\"wpforms-657-field_3-container\" class=\"wpforms-field wpforms-field-text\" data-field-id=\"3\"><label class=\"wpforms-field-label\" for=\"wpforms-657-field_3\">Telefonnummer<\/label><input type=\"text\" id=\"wpforms-657-field_3\" class=\"wpforms-field-large\" name=\"wpforms[fields][3]\" aria-errormessage=\"wpforms-657-field_3-error\" ><\/div><div id=\"wpforms-657-field_4-container\" class=\"wpforms-field wpforms-field-text\" data-field-id=\"4\"><label class=\"wpforms-field-label\" for=\"wpforms-657-field_4\">E-postadress <span class=\"wpforms-required-label\" aria-hidden=\"true\">*<\/span><\/label><input type=\"text\" id=\"wpforms-657-field_4\" class=\"wpforms-field-large wpforms-field-required\" name=\"wpforms[fields][4]\" aria-errormessage=\"wpforms-657-field_4-error\" required><\/div>\t\t<div id=\"wpforms-657-field_6-container\"\n\t\t\tclass=\"wpforms-field wpforms-field-text\"\n\t\t\tdata-field-type=\"text\"\n\t\t\tdata-field-id=\"6\"\n\t\t\t>\n\t\t\t<label class=\"wpforms-field-label\" for=\"wpforms-657-field_6\" >Vad F\u00f6r- ditt<\/label>\n\t\t\t<input type=\"text\" id=\"wpforms-657-field_6\" class=\"wpforms-field-medium\" name=\"wpforms[fields][6]\" >\n\t\t<\/div>\n\t\t<div id=\"wpforms-657-field_5-container\" class=\"wpforms-field wpforms-field-textarea\" data-field-id=\"5\"><label class=\"wpforms-field-label\" for=\"wpforms-657-field_5\">Beskriv ditt \u00e4rende kort<\/label><textarea id=\"wpforms-657-field_5\" class=\"wpforms-field-medium\" name=\"wpforms[fields][5]\" aria-errormessage=\"wpforms-657-field_5-error\" ><\/textarea><\/div><div id=\"wpforms-657-field_10-container\" class=\"wpforms-field wpforms-field-checkbox\" data-field-id=\"10\"><fieldset><legend class=\"wpforms-field-label\">Godk\u00e4nn att vi behandlar dina uppgifter <span class=\"wpforms-required-label\" aria-hidden=\"true\">*<\/span><\/legend><ul id=\"wpforms-657-field_10\" class=\"wpforms-field-required\"><li class=\"choice-1 depth-1\"><input type=\"checkbox\" id=\"wpforms-657-field_10_1\" name=\"wpforms[fields][10][]\" value=\"Genom att skicka detta formul\u00e4r godk\u00e4nner du att vi behandlar dina uppgifter f\u00f6r att besvara din f\u00f6rfr\u00e5gan.  Vi delar inte dina uppgifter med tredje part. Kontakta oss p\u00e5 info@matscobevattning.se om du vill att vi raderar dina uppgifter.\" aria-errormessage=\"wpforms-657-field_10_1-error\" aria-describedby=\"wpforms-657-field_10-description\" required ><label class=\"wpforms-field-label-inline\" for=\"wpforms-657-field_10_1\">Genom att skicka detta formul\u00e4r godk\u00e4nner du att vi behandlar dina uppgifter f\u00f6r att besvara din f\u00f6rfr\u00e5gan.  Vi delar inte dina uppgifter med tredje part. Kontakta oss p\u00e5 info@matscobevattning.se om du vill att vi raderar dina uppgifter.<\/label><\/li><\/ul><div id=\"wpforms-657-field_10-description\" class=\"wpforms-field-description\">L\u00e4s mer om hur vi hanterar dina personuppgifter <a href=\"https:\/\/www.stage.matscobevattning.se\/index.php\/integritetspolicy\/\">h\u00e4r<\/a>.<\/div><\/fieldset><\/div><script>\n\t\t\t\t( function() {\n\t\t\t\t\tconst style = document.createElement( 'style' );\n\t\t\t\t\tstyle.appendChild( document.createTextNode( '#wpforms-657-field_6-container { position: absolute !important; overflow: hidden !important; display: inline !important; height: 1px !important; width: 1px !important; z-index: -1000 !important; padding: 0 !important; } #wpforms-657-field_6-container input { visibility: hidden; } #wpforms-conversational-form-page #wpforms-657-field_6-container label { counter-increment: none; }' ) );\n\t\t\t\t\tdocument.head.appendChild( style );\n\t\t\t\t\tdocument.currentScript?.remove();\n\t\t\t\t} )();\n\t\t\t<\/script><\/div><!-- .wpforms-field-container --><div class=\"wpforms-submit-container\" ><input type=\"hidden\" name=\"wpforms[id]\" value=\"657\"><input type=\"hidden\" name=\"page_title\" value=\"\"><input type=\"hidden\" name=\"page_url\" value=\"https:\/\/www.stage.matscobevattning.se\/fi\/wp-json\/wp\/v2\/pages\/234\"><input type=\"hidden\" name=\"url_referer\" value=\"\"><button type=\"submit\" name=\"wpforms[submit]\" id=\"wpforms-submit-657\" class=\"wpforms-submit\" data-alt-text=\"Skickar \u2026\" data-submit-text=\"Skicka\" aria-live=\"assertive\" value=\"wpforms-submit\">Skicka<\/button><img loading=\"lazy\" decoding=\"async\" src=\"https:\/\/www.stage.matscobevattning.se\/wp-content\/plugins\/wpforms-lite\/assets\/images\/submit-spin.svg\" class=\"wpforms-submit-spinner\" style=\"display: none;\" width=\"26\" height=\"26\" alt=\"Loading\"><\/div><\/form><\/div>  <!-- .wpforms-container --><\/div>\n\n\n\n<div class=\"wp-block-column is-layout-flow wp-block-column-is-layout-flow\">\n<figure class=\"wp-block-image size-full\" style=\"margin-top:var(--wp--preset--spacing--30);margin-bottom:var(--wp--preset--spacing--30);margin-left:var(--wp--preset--spacing--30)\"><img loading=\"lazy\" decoding=\"async\" width=\"450\" height=\"600\" src=\"https:\/\/www.stage.matscobevattning.se\/wp-content\/uploads\/2025\/08\/blockbild_tjanstesida_service_2.jpg\" alt=\"\" class=\"wp-image-531\" srcset=\"https:\/\/www.stage.matscobevattning.se\/wp-content\/uploads\/2025\/08\/blockbild_tjanstesida_service_2.jpg 450w, https:\/\/www.stage.matscobevattning.se\/wp-content\/uploads\/2025\/08\/blockbild_tjanstesida_service_2-225x300.jpg 225w\" sizes=\"auto, (max-width: 450px) 100vw, 450px\" \/><\/figure>\n<\/div>\n<\/div>\n<\/div>\n\n\n\n\n\n<div class=\"wp-block-group is-layout-constrained wp-container-core-group-is-layout-fd9b688b wp-block-group-is-layout-constrained\" style=\"padding-left:0\">\n<h2 class=\"wp-block-heading has-text-align-center has-large-font-size\" style=\"padding-top:0\">Vi som arbetar p\u00e5 Matsco Bevattning<\/h2>\n\n\n\n<div class=\"wp-block-columns is-layout-flex wp-container-core-columns-is-layout-115f2c8a wp-block-columns-is-layout-flex\" style=\"padding-left:var(--wp--preset--spacing--80)\">\n<div class=\"wp-block-column is-layout-flow wp-block-column-is-layout-flow\" style=\"padding-top:var(--wp--preset--spacing--40);padding-right:var(--wp--preset--spacing--40);padding-bottom:var(--wp--preset--spacing--40);padding-left:var(--wp--preset--spacing--40)\">\n<p class=\"has-ast-global-color-1-color has-text-color has-link-color has-small-font-size wp-elements-9955202c280d4ca2f74c68cd74d82c29\">VD<br><strong>Marcus Andersson<br><\/strong>Tel <a href=\"tel:0706126188\">0706126188<\/a><br>E-post <a href=\"mailto:ma@debe.se\">ma@debe.se<\/a><\/p>\n<\/div>\n\n\n\n<div class=\"wp-block-column is-layout-flow wp-block-column-is-layout-flow\" style=\"padding-top:var(--wp--preset--spacing--40);padding-right:var(--wp--preset--spacing--40);padding-bottom:var(--wp--preset--spacing--40);padding-left:var(--wp--preset--spacing--40)\">\n<p class=\"has-ast-global-color-1-color has-text-color has-link-color has-small-font-size wp-elements-40053d41201a13d1a3b0f5c19eae7cba\">Platschef<br><strong>Peter B\u00e4ckebro<\/strong><br>Tel <a href=\"tel:0737535417\">0737535417<\/a><br>E-post <a href=\"mailto:peter.backebro@matscobevattning.se\">peter.backebro@matscobevattning.se<\/a><\/p>\n<\/div>\n\n\n\n<div class=\"wp-block-column is-layout-flow wp-block-column-is-layout-flow\">\n<p class=\"has-ast-global-color-1-color has-text-color has-link-color has-small-font-size wp-elements-b2cbbec3e8fc9293e334f28129bb5fff\" style=\"padding-top:var(--wp--preset--spacing--40);padding-right:var(--wp--preset--spacing--40);padding-bottom:var(--wp--preset--spacing--40);padding-left:var(--wp--preset--spacing--40)\">S\u00e4ljare<br><strong>Albin Svensson<br><\/strong>Tel <a href=\"tel:0706093322\">0706093322<\/a><br>E-post <a href=\"mailto:albin.svensson@matscobevattning.se\" data-type=\"mailto\" data-id=\"mailto:albin.svensson@matscobevattning.se\">albin.svensson@matscobevattning.se<\/a><\/p>\n<\/div>\n<\/div>\n\n\n\n<div class=\"wp-block-columns is-layout-flex wp-container-core-columns-is-layout-115f2c8a wp-block-columns-is-layout-flex\" style=\"padding-left:var(--wp--preset--spacing--80)\">\n<div class=\"wp-block-column has-ast-global-color-5-background-color has-background is-layout-flow wp-block-column-is-layout-flow\" style=\"padding-top:var(--wp--preset--spacing--40);padding-right:var(--wp--preset--spacing--40);padding-bottom:var(--wp--preset--spacing--40);padding-left:var(--wp--preset--spacing--40)\">\n<p class=\"has-ast-global-color-1-color has-text-color has-link-color has-small-font-size wp-elements-06b60342afde6a3711af621b1f9dc815\">Servicetekniker<br><strong>Robin Herrmann<br><\/strong>Tel <a href=\"tel:0763085872\">0763085872<\/a><br>E-post <a href=\"mailto:robin.herrmann@matscobevattning.se\">robin.herrmann@matscobevattning.se<\/a><\/p>\n<\/div>\n\n\n\n<div class=\"wp-block-column is-layout-flow wp-block-column-is-layout-flow\" style=\"padding-top:var(--wp--preset--spacing--40);padding-right:var(--wp--preset--spacing--40);padding-bottom:var(--wp--preset--spacing--40);padding-left:var(--wp--preset--spacing--40)\">\n<p class=\"has-ast-global-color-1-color has-text-color has-link-color has-small-font-size wp-elements-08878a4293be0421d2c96cb981f6e078\">Servicetekniker<br><strong>H\u00e5kan Andersson<\/strong><br>Tel <a href=\"tel:0735095937\">0735095937<\/a><br>E-post <a href=\"mailto:hakan.andersson@matscobevattning.se\">hakan.andersson@matscobevattning.se<\/a><\/p>\n<\/div>\n\n\n\n<div class=\"wp-block-column is-layout-flow wp-block-column-is-layout-flow\">\n<p class=\"has-ast-global-color-1-color has-text-color has-link-color has-small-font-size wp-elements-9d692bf84b473e71a86ec2fa8613eff3\" style=\"padding-top:var(--wp--preset--spacing--40);padding-right:var(--wp--preset--spacing--40);padding-bottom:var(--wp--preset--spacing--40);padding-left:var(--wp--preset--spacing--40)\">Servicetekniker<br><strong>Patric J\u00e4derup <br><\/strong>Tel <a href=\"tel:0706093322\">0704854715<\/a><br>E-post <a href=\"mailto:lars.lindh@matscobevattning.se\">patric.jaderup@matscobevattning.se<\/a><\/p>\n<\/div>\n<\/div>\n\n\n\n<h2 class=\"wp-block-heading has-text-align-center has-large-font-size\" style=\"padding-top:var(--wp--preset--spacing--50)\">V\u00e5ra anst\u00e4llda i Finland<\/h2>\n\n\n\n<div class=\"wp-block-columns is-layout-flex wp-container-core-columns-is-layout-115f2c8a wp-block-columns-is-layout-flex\" style=\"padding-left:var(--wp--preset--spacing--80)\">\n<div class=\"wp-block-column has-ast-global-color-5-background-color has-background is-layout-flow wp-block-column-is-layout-flow\" style=\"padding-top:var(--wp--preset--spacing--40);padding-right:var(--wp--preset--spacing--40);padding-bottom:var(--wp--preset--spacing--40);padding-left:var(--wp--preset--spacing--40)\">\n<p class=\"has-ast-global-color-1-color has-text-color has-link-color has-small-font-size wp-elements-96fe394d60da14d15f15c55d246b7593\">Myyntip\u00e4\u00e4llikk\u00f6 \/ Sales manager<br><strong>Joel Rodas<br><\/strong>Tel <a href=\"tel:0763085872\">+358503363468<\/a><br>E-post <a href=\"mailto:Joel.rodas@matsco.fi\">Joel.rodas@matsco.fi<\/a><\/p>\n<\/div>\n\n\n\n<div class=\"wp-block-column is-layout-flow wp-block-column-is-layout-flow\" style=\"padding-top:var(--wp--preset--spacing--40);padding-right:var(--wp--preset--spacing--40);padding-bottom:var(--wp--preset--spacing--40);padding-left:var(--wp--preset--spacing--40)\">\n<p class=\"has-ast-global-color-1-color has-text-color has-link-color has-small-font-size wp-elements-584e3b1ba97061782c0e5da154a8ec21\"><\/p>\n<\/div>\n\n\n\n<div class=\"wp-block-column is-layout-flow wp-block-column-is-layout-flow\">\n<p class=\"has-ast-global-color-1-color has-text-color has-link-color has-small-font-size wp-elements-d82118799af2e8e5e8fd5a1d64532c90\" style=\"padding-top:var(--wp--preset--spacing--40);padding-right:var(--wp--preset--spacing--40);padding-bottom:var(--wp--preset--spacing--40);padding-left:var(--wp--preset--spacing--40)\"><\/p>\n<\/div>\n<\/div>\n<\/div>\n\n\n\n\n\n<h2 class=\"wp-block-heading has-text-align-center\">Intresserad av att jobba hos oss?<\/h2>\n\n\n\n\n\n<p class=\"has-text-align-center has-ast-global-color-1-color has-text-color has-link-color wp-elements-36faaa68f97b5a7d0ba7183c40eec87a\">Just nu har vi inga lediga tj\u00e4nster.<\/p>\n\n\n\n<hr class=\"wp-block-separator has-text-color has-ast-global-color-5-color has-alpha-channel-opacity has-ast-global-color-5-background-color has-background\"\/>\n\n\n","protected":false},"excerpt":{"rendered":"<p>Vill du komma i kontakt med oss? Vi svarar p\u00e5 alla fr\u00e5gor g\u00e4llande bevattning. Vill du komma i kontakt med [&hellip;]<\/p>\n","protected":false},"author":1,"featured_media":0,"parent":0,"menu_order":0,"comment_status":"closed","ping_status":"closed","template":"","meta":{"site-sidebar-layout":"no-sidebar","site-content-layout":"plain-container","ast-site-content-layout":"full-width-container","site-content-style":"default","site-sidebar-style":"default","ast-global-header-display":"","ast-banner-title-visibility":"","ast-main-header-display":"","ast-hfb-above-header-display":"","ast-hfb-below-header-display":"","ast-hfb-mobile-header-display":"","site-post-title":"disabled","ast-breadcrumbs-content":"","ast-featured-img":"","footer-sml-layout":"","theme-transparent-header-meta":"enabled","adv-header-id-meta":"","stick-header-meta":"","header-above-stick-meta":"","header-main-stick-meta":"","header-below-stick-meta":"","astra-migrate-meta-layouts":"default","ast-page-background-enabled":"default","ast-page-background-meta":{"desktop":{"background-color":"var(--ast-global-color-5)","background-image":"","background-repeat":"repeat","background-position":"center center","background-size":"auto","background-attachment":"scroll","background-type":"","background-media":"","overlay-type":"","overlay-color":"","overlay-opacity":"","overlay-gradient":""},"tablet":{"background-color":"","background-image":"","background-repeat":"repeat","background-position":"center center","background-size":"auto","background-attachment":"scroll","background-type":"","background-media":"","overlay-type":"","overlay-color":"","overlay-opacity":"","overlay-gradient":""},"mobile":{"background-color":"","background-image":"","background-repeat":"repeat","background-position":"center center","background-size":"auto","background-attachment":"scroll","background-type":"","background-media":"","overlay-type":"","overlay-color":"","overlay-opacity":"","overlay-gradient":""}},"ast-content-background-meta":{"desktop":{"background-color":"var(--ast-global-color-4)","background-image":"","background-repeat":"repeat","background-position":"center center","background-size":"auto","background-attachment":"scroll","background-type":"","background-media":"","overlay-type":"","overlay-color":"","overlay-opacity":"","overlay-gradient":""},"tablet":{"background-color":"var(--ast-global-color-4)","background-image":"","background-repeat":"repeat","background-position":"center center","background-size":"auto","background-attachment":"scroll","background-type":"","background-media":"","overlay-type":"","overlay-color":"","overlay-opacity":"","overlay-gradient":""},"mobile":{"background-color":"var(--ast-global-color-4)","background-image":"","background-repeat":"repeat","background-position":"center center","background-size":"auto","background-attachment":"scroll","background-type":"","background-media":"","overlay-type":"","overlay-color":"","overlay-opacity":"","overlay-gradient":""}},"footnotes":""},"class_list":["post-234","page","type-page","status-publish","hentry"],"_links":{"self":[{"href":"https:\/\/www.stage.matscobevattning.se\/fi\/wp-json\/wp\/v2\/pages\/234","targetHints":{"allow":["GET"]}}],"collection":[{"href":"https:\/\/www.stage.matscobevattning.se\/fi\/wp-json\/wp\/v2\/pages"}],"about":[{"href":"https:\/\/www.stage.matscobevattning.se\/fi\/wp-json\/wp\/v2\/types\/page"}],"author":[{"embeddable":true,"href":"https:\/\/www.stage.matscobevattning.se\/fi\/wp-json\/wp\/v2\/users\/1"}],"replies":[{"embeddable":true,"href":"https:\/\/www.stage.matscobevattning.se\/fi\/wp-json\/wp\/v2\/comments?post=234"}],"version-history":[{"count":156,"href":"https:\/\/www.stage.matscobevattning.se\/fi\/wp-json\/wp\/v2\/pages\/234\/revisions"}],"predecessor-version":[{"id":1689,"href":"https:\/\/www.stage.matscobevattning.se\/fi\/wp-json\/wp\/v2\/pages\/234\/revisions\/1689"}],"wp:attachment":[{"href":"https:\/\/www.stage.matscobevattning.se\/fi\/wp-json\/wp\/v2\/media?parent=234"}],"curies":[{"name":"wp","href":"https:\/\/api.w.org\/{rel}","templated":true}]}}