{"id":32,"date":"2025-08-07T08:41:06","date_gmt":"2025-08-07T08:41:06","guid":{"rendered":"https:\/\/www.matscobevattning.se\/?page_id=32"},"modified":"2025-12-09T08:24:39","modified_gmt":"2025-12-09T08:24:39","slug":"startsida","status":"publish","type":"page","link":"https:\/\/www.stage.matscobevattning.se\/fi\/","title":{"rendered":"Startsida"},"content":{"rendered":"<div class=\"wp-block-cover alignfull only-mobile\" style=\"min-height:713px;aspect-ratio:unset;\"><video class=\"wp-block-cover__video-background intrinsic-ignore\" autoplay muted loop playsinline src=\"https:\/\/www.stage.matscobevattning.se\/wp-content\/uploads\/2025\/08\/matsco_site_toppvideo_loop_1.mp4\" data-object-fit=\"cover\"><\/video><span aria-hidden=\"true\" class=\"wp-block-cover__background has-background-dim-60 has-background-dim\"><\/span><div class=\"wp-block-cover__inner-container is-layout-flow wp-block-cover-is-layout-flow\">\n<h1 class=\"wp-block-heading has-text-align-center has-ast-global-color-4-color has-text-color has-link-color wp-elements-99efe289d2af4f5f48b86b883397a86e\" style=\"padding-top:var(--wp--preset--spacing--80)\">T\u00e4ydellinen kastelu sinulle ja yrityksellesi<\/h1>\n\n\n\n<h4 class=\"wp-block-heading has-text-align-center has-ast-global-color-4-color has-text-color has-link-color wp-elements-7b5f5b1181db67a847e63cf6ba9960a9\" style=\"margin-top:0;margin-right:0;margin-bottom:0;margin-left:0;padding-top:var(--wp--preset--spacing--40);padding-right:0;padding-bottom:var(--wp--preset--spacing--40);padding-left:0\">Asennamme ja huollamme tehokkaita kasteluj\u00e4rjestelmi\u00e4 muun muassa golfkentille, hautausmaille, puistoihin ja jalkapallokenttille.<\/h4>\n\n\n\n<div class=\"wp-block-buttons is-content-justification-center is-layout-flex wp-container-core-buttons-is-layout-fe1bbffc wp-block-buttons-is-layout-flex\" style=\"padding-top:var(--wp--preset--spacing--30);padding-bottom:var(--wp--preset--spacing--30)\">\n<div class=\"wp-block-button\"><a class=\"wp-block-button__link has-text-align-center wp-element-button\" href=\"https:\/\/www.stage.matscobevattning.se\/fi\/tjanster\/\">Uppt\u00e4ck v\u00e5ra tj\u00e4nster h\u00e4r<\/a><\/div>\n<\/div>\n<\/div><\/div>\n\n\n\n\n\n<div class=\"wp-block-group alignfull is-layout-constrained wp-container-core-group-is-layout-c9794c2a wp-block-group-is-layout-constrained\" id=\"whyus\" style=\"padding-top:126px;padding-bottom:172px\">\n<h2 class=\"wp-block-heading has-text-align-center\"><strong>Behov av bevattning?<\/strong><\/h2>\n\n\n\n<h5 class=\"wp-block-heading has-text-align-center\">Vi utf\u00f6r bevattningsjobb inom en m\u00e4ngd olika utomhusomr\u00e5den.<\/h5>\n\n\n\n<div class=\"wp-block-columns is-layout-flex wp-container-core-columns-is-layout-29aadeec wp-block-columns-is-layout-flex\" style=\"margin-top:60px\">\n<div class=\"wp-block-column is-layout-flow wp-container-core-column-is-layout-6b73ce23 wp-block-column-is-layout-flow\">\n<figure class=\"wp-block-image size-large hover-effect wp-duotone-unset-1\"><a href=\"https:\/\/www.bing.com\/search?qs=HS&amp;pq=google&amp;sk=CSYN1UAS5AS9&amp;sc=19-6&amp;pglt=43&amp;q=google+maps&amp;cvid=19951e1f101748a0a04c68618d4cf360&amp;gs_lcrp=EgRlZGdlKgcIABAAGPkHMgcIABAAGPkHMgYIARAuGEAyBggCEEUYOzIGCAMQLhhAMgYIBBBFGDkyBggFEEUYPDIGCAYQRRg8MgYIBxBFGDwyBggIEEUYPDIICAkQ6QcY_FXSAQgxMTE1ajBqMagCALACAA&amp;FORM=ANNAB1&amp;PC=U531\"><img loading=\"lazy\" decoding=\"async\" width=\"1024\" height=\"682\" src=\"https:\/\/www.stage.matscobevattning.se\/wp-content\/uploads\/2025\/08\/golf-1284012_1280-1024x682.jpg\" alt=\"\" class=\"wp-image-10\" style=\"aspect-ratio:3\/4;object-fit:cover\" srcset=\"https:\/\/www.stage.matscobevattning.se\/wp-content\/uploads\/2025\/08\/golf-1284012_1280-1024x682.jpg 1024w, https:\/\/www.stage.matscobevattning.se\/wp-content\/uploads\/2025\/08\/golf-1284012_1280-600x400.jpg 600w, https:\/\/www.stage.matscobevattning.se\/wp-content\/uploads\/2025\/08\/golf-1284012_1280-300x200.jpg 300w, https:\/\/www.stage.matscobevattning.se\/wp-content\/uploads\/2025\/08\/golf-1284012_1280-768x512.jpg 768w, https:\/\/www.stage.matscobevattning.se\/wp-content\/uploads\/2025\/08\/golf-1284012_1280.jpg 1280w\" sizes=\"auto, (max-width: 1024px) 100vw, 1024px\" \/><\/a><\/figure>\n\n\n\n<h3 class=\"wp-block-heading has-text-align-center\" style=\"margin-top:40px\"><strong>Golfbanor<\/strong><\/h3>\n<\/div>\n\n\n\n<div class=\"wp-block-column is-layout-flow wp-container-core-column-is-layout-6b73ce23 wp-block-column-is-layout-flow\">\n<figure class=\"wp-block-image size-full hover-effect\"><img loading=\"lazy\" decoding=\"async\" width=\"750\" height=\"1000\" src=\"https:\/\/www.stage.matscobevattning.se\/wp-content\/uploads\/2025\/08\/matsco_block1_kyrkogard.jpg\" alt=\"\" class=\"wp-image-189\" style=\"aspect-ratio:3\/4;object-fit:cover\" srcset=\"https:\/\/www.stage.matscobevattning.se\/wp-content\/uploads\/2025\/08\/matsco_block1_kyrkogard.jpg 750w, https:\/\/www.stage.matscobevattning.se\/wp-content\/uploads\/2025\/08\/matsco_block1_kyrkogard-600x800.jpg 600w, https:\/\/www.stage.matscobevattning.se\/wp-content\/uploads\/2025\/08\/matsco_block1_kyrkogard-225x300.jpg 225w\" sizes=\"auto, (max-width: 750px) 100vw, 750px\" \/><\/figure>\n\n\n\n<h3 class=\"wp-block-heading has-text-align-center\" style=\"margin-top:40px\"><strong>Kyrkog\u00e5rdar<\/strong><\/h3>\n<\/div>\n\n\n\n<div class=\"wp-block-column is-layout-flow wp-container-core-column-is-layout-6b73ce23 wp-block-column-is-layout-flow\">\n<figure class=\"wp-block-image size-full hover-effect\"><img loading=\"lazy\" decoding=\"async\" width=\"750\" height=\"1000\" src=\"https:\/\/www.stage.matscobevattning.se\/wp-content\/uploads\/2025\/08\/matsco_block1_parker.jpg\" alt=\"\" class=\"wp-image-190\" style=\"aspect-ratio:3\/4;object-fit:cover\" srcset=\"https:\/\/www.stage.matscobevattning.se\/wp-content\/uploads\/2025\/08\/matsco_block1_parker.jpg 750w, https:\/\/www.stage.matscobevattning.se\/wp-content\/uploads\/2025\/08\/matsco_block1_parker-600x800.jpg 600w, https:\/\/www.stage.matscobevattning.se\/wp-content\/uploads\/2025\/08\/matsco_block1_parker-225x300.jpg 225w\" sizes=\"auto, (max-width: 750px) 100vw, 750px\" \/><\/figure>\n\n\n\n<h3 class=\"wp-block-heading has-text-align-center\" style=\"margin-top:40px\"><strong>Parker<\/strong><\/h3>\n<\/div>\n\n\n\n<div class=\"wp-block-column is-layout-flow wp-container-core-column-is-layout-6b73ce23 wp-block-column-is-layout-flow\">\n<figure class=\"wp-block-image size-full hover-effect\"><img loading=\"lazy\" decoding=\"async\" width=\"750\" height=\"1000\" src=\"https:\/\/www.stage.matscobevattning.se\/wp-content\/uploads\/2025\/08\/matsco_block1_fotbollsplaner.jpg\" alt=\"\" class=\"wp-image-192\" style=\"aspect-ratio:3\/4;object-fit:cover\" srcset=\"https:\/\/www.stage.matscobevattning.se\/wp-content\/uploads\/2025\/08\/matsco_block1_fotbollsplaner.jpg 750w, https:\/\/www.stage.matscobevattning.se\/wp-content\/uploads\/2025\/08\/matsco_block1_fotbollsplaner-600x800.jpg 600w, https:\/\/www.stage.matscobevattning.se\/wp-content\/uploads\/2025\/08\/matsco_block1_fotbollsplaner-225x300.jpg 225w\" sizes=\"auto, (max-width: 750px) 100vw, 750px\" \/><\/figure>\n\n\n\n<h3 class=\"wp-block-heading has-text-align-center\" style=\"margin-top:40px\"><strong>Fotbollsplaner<\/strong><\/h3>\n<\/div>\n<\/div>\n<\/div>\n\n\n\n<div class=\"wp-block-group alignfull services-section has-ast-global-color-1-background-color has-background is-layout-constrained wp-container-core-group-is-layout-ab882804 wp-block-group-is-layout-constrained\" style=\"padding-top:var(--wp--preset--spacing--80);padding-bottom:var(--wp--preset--spacing--80);padding-left:0\">\n<div class=\"wp-block-columns has-ast-global-color-1-background-color has-background is-layout-flex wp-container-core-columns-is-layout-7335089c wp-block-columns-is-layout-flex\" style=\"padding-top:0;padding-bottom:0;padding-left:var(--wp--preset--spacing--80)\">\n<div class=\"wp-block-column is-layout-flow wp-block-column-is-layout-flow\" style=\"padding-right:var(--wp--preset--spacing--30);padding-left:0;flex-basis:40%\">\n<h2 class=\"wp-block-heading has-ast-global-color-4-color has-text-color has-link-color wp-elements-490016e49d16246c0aff3935a3a7b975\" style=\"padding-top:28px;padding-bottom:0px;font-size:51px\">V\u00e5ra tj\u00e4nster<\/h2>\n\n\n\n<p class=\"has-ast-global-color-4-color has-text-color has-link-color has-medium-font-size wp-elements-6295110aec4ded08f2175cf62a2f2802\" style=\"line-height:1.6\">Vi erbjuder kompletta bevattningsl\u00f6sningar fr\u00e5n planering till installation och l\u00f6pande service. L\u00e5t oss skapa ett optimalt bevattningssystem utifr\u00e5n just dina behov med produkter fr\u00e5n ledande varum\u00e4rken, professionell installation och p\u00e5litlig service.<\/p>\n\n\n\n<div class=\"wp-block-columns is-layout-flex wp-container-core-columns-is-layout-28f84493 wp-block-columns-is-layout-flex\">\n<div class=\"wp-block-column has-ast-global-color-4-color has-text-color has-link-color wp-elements-db7e6cd1c87d202f0772199f37e33227 is-layout-flow wp-container-core-column-is-layout-b2a27621 wp-block-column-is-layout-flow\" style=\"padding-top:0;padding-right:0;padding-bottom:0;padding-left:0;flex-basis:10%\">\n<figure class=\"wp-block-image size-full\"><img decoding=\"async\" src=\"https:\/\/www.stage.matscobevattning.se\/wp-content\/uploads\/2025\/08\/matsco-drop-1.svg\" alt=\"\" class=\"wp-image-299\" style=\"object-fit:cover\"\/><\/figure>\n<\/div>\n\n\n\n<div class=\"wp-block-column has-ast-global-color-4-color has-text-color has-link-color wp-elements-3123e34435c833748a5db02bee0648a8 is-layout-flow wp-block-column-is-layout-flow\" style=\"flex-basis:90%\">\n<h3 class=\"wp-block-heading has-text-align-left tjanster-lista has-ast-global-color-4-color has-text-color has-link-color wp-elements-8fcf366c97497b2ebe135c11e51a6aa6\" style=\"margin-top:var(--wp--preset--spacing--30);margin-bottom:var(--wp--preset--spacing--30);font-size:20px\"><strong><a href=\"https:\/\/matscobevattning.se\/tjanster\/#installation\" data-type=\"link\" data-id=\"https:\/\/matscobevattning.se\/tjanster\/#installation\" target=\"_blank\" rel=\"noreferrer noopener\">Installation<\/a><\/strong><\/h3>\n<\/div>\n<\/div>\n\n\n\n<div class=\"wp-block-columns is-layout-flex wp-container-core-columns-is-layout-28f84493 wp-block-columns-is-layout-flex\">\n<div class=\"wp-block-column has-ast-global-color-4-color has-text-color has-link-color wp-elements-bf2871d98563ddfd9c76ebab56dde089 is-layout-flow wp-block-column-is-layout-flow\" style=\"flex-basis:10%\">\n<figure class=\"wp-block-image size-full\"><img decoding=\"async\" src=\"https:\/\/www.stage.matscobevattning.se\/wp-content\/uploads\/2025\/08\/matsco-drop-2.svg\" alt=\"\" class=\"wp-image-307\" style=\"aspect-ratio:1;object-fit:cover\"\/><\/figure>\n<\/div>\n\n\n\n<div class=\"wp-block-column has-ast-global-color-4-color has-text-color has-link-color wp-elements-d185b66c2bd911cd9c329c1e542ab581 is-layout-flow wp-block-column-is-layout-flow\" style=\"padding-top:0;padding-bottom:0;flex-basis:90%\">\n<h2 class=\"wp-block-heading has-text-align-left tjanster-lista has-ast-global-color-4-color has-text-color has-link-color wp-elements-72d6cbda1ba6342d4d8f24a786796817\" style=\"margin-top:var(--wp--preset--spacing--30);margin-bottom:var(--wp--preset--spacing--30);font-size:20px\"><strong><a href=\"https:\/\/matscobevattning.se\/tjanster\/#service\" target=\"_blank\" rel=\"noreferrer noopener\">Service och underh\u00e5ll<\/a><\/strong><\/h2>\n<\/div>\n<\/div>\n\n\n\n<div class=\"wp-block-columns is-layout-flex wp-container-core-columns-is-layout-28f84493 wp-block-columns-is-layout-flex\">\n<div class=\"wp-block-column has-ast-global-color-4-color has-text-color has-link-color wp-elements-bf2871d98563ddfd9c76ebab56dde089 is-layout-flow wp-block-column-is-layout-flow\" style=\"flex-basis:10%\">\n<figure class=\"wp-block-image size-full\"><img decoding=\"async\" src=\"https:\/\/www.stage.matscobevattning.se\/wp-content\/uploads\/2025\/08\/matsco-drop-2.svg\" alt=\"\" class=\"wp-image-307\" style=\"aspect-ratio:1;object-fit:cover\"\/><\/figure>\n<\/div>\n\n\n\n<div class=\"wp-block-column has-ast-global-color-4-color has-text-color has-link-color wp-elements-cbd42ac1868debae0d12a2e709f3ffaf is-layout-flow wp-block-column-is-layout-flow\" style=\"padding-top:0;padding-bottom:0;flex-basis:90%\">\n<h2 class=\"wp-block-heading has-text-align-left tjanster-lista has-ast-global-color-4-color has-text-color has-link-color wp-elements-ab05742e9b15cb6fdc2d9d6ed623c649\" style=\"margin-top:var(--wp--preset--spacing--30);margin-bottom:var(--wp--preset--spacing--30);font-size:20px\"><strong><a href=\"https:\/\/matscobevattning.se\/butik\" target=\"_blank\" rel=\"noreferrer noopener\">Uppt\u00e4ck v\u00e5r webbshop h\u00e4r<\/a><\/strong><\/h2>\n<\/div>\n<\/div>\n\n\n\n<div class=\"wp-block-columns is-layout-flex wp-container-core-columns-is-layout-28f84493 wp-block-columns-is-layout-flex\">\n<div class=\"wp-block-column has-ast-global-color-4-color has-text-color has-link-color wp-elements-1497c9e721b0ab98d227413fd67d0422 is-layout-flow wp-block-column-is-layout-flow\" style=\"flex-basis:10%\">\n<figure class=\"wp-block-image size-full\"><img decoding=\"async\" src=\"https:\/\/www.stage.matscobevattning.se\/wp-content\/uploads\/2025\/08\/matsco-drop-3.svg\" alt=\"\" class=\"wp-image-308\" style=\"aspect-ratio:1;object-fit:cover\"\/><\/figure>\n<\/div>\n\n\n\n<div class=\"wp-block-column has-ast-global-color-4-color has-text-color has-link-color wp-elements-798b48de9bbc49b4b07560fd8192134c is-layout-flow wp-block-column-is-layout-flow\" style=\"padding-top:0;padding-bottom:0;flex-basis:90%\">\n<h2 class=\"wp-block-heading has-text-align-left tjanster-lista has-ast-global-color-4-color has-text-color has-link-color wp-elements-5ba4b3ed23467719eb388febb35bdd6b\" style=\"margin-top:var(--wp--preset--spacing--30);margin-bottom:var(--wp--preset--spacing--30);font-size:20px\"><strong><a href=\"https:\/\/matscobevattning.se\/tjanster\/#reservdelar\" target=\"_blank\" rel=\"noreferrer noopener\">F\u00f6rs\u00e4ljning av reservdelar till f\u00f6retag<\/a><\/strong><\/h2>\n<\/div>\n<\/div>\n\n\n\n<div class=\"wp-block-columns is-layout-flex wp-container-core-columns-is-layout-28f84493 wp-block-columns-is-layout-flex\">\n<div class=\"wp-block-column is-layout-flow wp-block-column-is-layout-flow\">\n<div class=\"wp-block-buttons is-layout-flex wp-block-buttons-is-layout-flex\">\n<div class=\"wp-block-button\"><a class=\"wp-block-button__link wp-element-button\" href=\"https:\/\/matscobevattning.se\/tjanster\/\">L\u00e4s mer om v\u00e5ra tj\u00e4nster<\/a><\/div>\n<\/div>\n<\/div>\n<\/div>\n<\/div>\n\n\n\n<div class=\"wp-block-column is-layout-flow wp-container-core-column-is-layout-f016c79b wp-block-column-is-layout-flow\" style=\"padding-top:0;padding-right:0;padding-bottom:0;padding-left:0;flex-basis:60%\">\n<figure class=\"wp-block-image size-full has-custom-border\" style=\"margin-top:0;margin-right:0;margin-bottom:0;margin-left:0\"><img loading=\"lazy\" decoding=\"async\" width=\"1000\" height=\"1000\" src=\"https:\/\/www.stage.matscobevattning.se\/wp-content\/uploads\/2025\/08\/blockbild_kollage_3.jpg\" alt=\"\" class=\"wp-image-312\" style=\"border-style:none;border-width:0px;border-radius:0px;box-shadow:none;object-fit:cover\" srcset=\"https:\/\/www.stage.matscobevattning.se\/wp-content\/uploads\/2025\/08\/blockbild_kollage_3.jpg 1000w, https:\/\/www.stage.matscobevattning.se\/wp-content\/uploads\/2025\/08\/blockbild_kollage_3-300x300.jpg 300w, https:\/\/www.stage.matscobevattning.se\/wp-content\/uploads\/2025\/08\/blockbild_kollage_3-100x100.jpg 100w, https:\/\/www.stage.matscobevattning.se\/wp-content\/uploads\/2025\/08\/blockbild_kollage_3-600x600.jpg 600w, https:\/\/www.stage.matscobevattning.se\/wp-content\/uploads\/2025\/08\/blockbild_kollage_3-150x150.jpg 150w, https:\/\/www.stage.matscobevattning.se\/wp-content\/uploads\/2025\/08\/blockbild_kollage_3-768x768.jpg 768w\" sizes=\"auto, (max-width: 1000px) 100vw, 1000px\" \/><\/figure>\n<\/div>\n<\/div>\n<\/div>\n\n\n\n\n\n\n\n<div class=\"wp-block-group alignfull is-layout-constrained wp-container-core-group-is-layout-77fa8e61 wp-block-group-is-layout-constrained has-background\" style=\"padding-top:var(--wp--preset--spacing--80);padding-bottom:0px;background-image:url(&apos;https:\/\/www.stage.matscobevattning.se\/wp-content\/uploads\/2025\/08\/vectorbeast-90-scaled.jpg&apos;);background-position:51% 76%;background-size:cover;\">\n<div class=\"wp-block-columns is-layout-flex wp-container-core-columns-is-layout-28f84493 wp-block-columns-is-layout-flex\">\n<div class=\"wp-block-column is-layout-flow wp-block-column-is-layout-flow\" style=\"flex-basis:66.66%\">\n<h2 class=\"wp-block-heading has-text-align-center produktkatalog-text has-ast-global-color-4-color has-text-color has-link-color wp-elements-a12f1bae44995255ddcc5d07c71565fe\" style=\"margin-top:4rem;margin-bottom:0;margin-left:var(--wp--preset--spacing--60);font-size:35px\"><strong><a href=\"https:\/\/www.stage.matscobevattning.se\/wp-content\/uploads\/2025\/08\/Full.Matsco.Digital-komprimerad-komprimerad-1-1.pdf\" data-type=\"link\" data-id=\"https:\/\/www.stage.matscobevattning.se\/wp-content\/uploads\/2025\/08\/Full.Matsco.Digital-komprimerad-komprimerad-1-1.pdf\">UPPT\u00c4CK V\u00c5R PRODUKTKATALOG<\/a><\/strong><\/h2>\n<\/div>\n\n\n\n<div class=\"wp-block-column is-layout-flow wp-block-column-is-layout-flow\" style=\"padding-right:var(--wp--preset--spacing--80);padding-bottom:var(--wp--preset--spacing--70);flex-basis:33.33%\">\n<figure class=\"wp-block-image size-full is-resized\"><img loading=\"lazy\" decoding=\"async\" width=\"500\" height=\"351\" src=\"https:\/\/www.stage.matscobevattning.se\/wp-content\/uploads\/2025\/08\/matsco_site_produktkatalog_bild_block2.png\" alt=\"\" class=\"wp-image-316\" style=\"box-shadow:none;width:242px;height:auto\" srcset=\"https:\/\/www.stage.matscobevattning.se\/wp-content\/uploads\/2025\/08\/matsco_site_produktkatalog_bild_block2.png 500w, https:\/\/www.stage.matscobevattning.se\/wp-content\/uploads\/2025\/08\/matsco_site_produktkatalog_bild_block2-300x211.png 300w\" sizes=\"auto, (max-width: 500px) 100vw, 500px\" \/><\/figure>\n<\/div>\n<\/div>\n<\/div>\n\n\n\n\n\n<div class=\"wp-block-group alignfull has-ast-global-color-4-background-color has-background is-layout-constrained wp-container-core-group-is-layout-57bbc088 wp-block-group-is-layout-constrained\" id=\"reviews\" style=\"min-height:0px;padding-top:var(--wp--preset--spacing--80);padding-right:0;padding-bottom:var(--wp--preset--spacing--80);padding-left:0\">\n<div class=\"wp-block-columns is-layout-flex wp-container-core-columns-is-layout-28f84493 wp-block-columns-is-layout-flex\">\n<div class=\"wp-block-column is-layout-flow wp-block-column-is-layout-flow\" style=\"padding-top:0;padding-right:0;padding-bottom:0;padding-left:0\">\n<h3 class=\"wp-block-heading has-text-align-center has-large-font-size\" style=\"padding-top:0;padding-bottom:0\"><strong>Leverant\u00f6rer och samarbetspartners<\/strong><\/h3>\n\n\n\n<h5 class=\"wp-block-heading has-text-align-center\" style=\"padding-top:0;padding-right:0;padding-bottom:0;padding-left:0\">Vi \u00e4r glada att kunna erbjuda h\u00f6gkvalitativa bevattningsprodukter fr\u00e5n branschens fr\u00e4msta akt\u00f6rer.<\/h5>\n<\/div>\n<\/div>\n\n\n\n<div class=\"wp-block-columns are-vertically-aligned-top is-layout-flex wp-container-core-columns-is-layout-c9bfb1dd wp-block-columns-is-layout-flex\" style=\"padding-top:var(--wp--preset--spacing--60);padding-bottom:var(--wp--preset--spacing--60)\">\n<div class=\"wp-block-column is-vertically-aligned-top is-layout-flow wp-container-core-column-is-layout-47e5a185 wp-block-column-is-layout-flow\" style=\"flex-basis:50%\">\n<figure class=\"wp-block-image alignright size-full is-resized\"><img loading=\"lazy\" decoding=\"async\" width=\"647\" height=\"147\" src=\"https:\/\/www.stage.matscobevattning.se\/wp-content\/uploads\/2025\/08\/Hunter_Logo_Hunter-Black-2.png\" alt=\"\" class=\"wp-image-320\" style=\"width:300px\" srcset=\"https:\/\/www.stage.matscobevattning.se\/wp-content\/uploads\/2025\/08\/Hunter_Logo_Hunter-Black-2.png 647w, https:\/\/www.stage.matscobevattning.se\/wp-content\/uploads\/2025\/08\/Hunter_Logo_Hunter-Black-2-600x136.png 600w, https:\/\/www.stage.matscobevattning.se\/wp-content\/uploads\/2025\/08\/Hunter_Logo_Hunter-Black-2-300x68.png 300w\" sizes=\"auto, (max-width: 647px) 100vw, 647px\" \/><\/figure>\n<\/div>\n\n\n\n<div class=\"wp-block-column is-layout-flow wp-block-column-is-layout-flow\" style=\"flex-basis:50%\">\n<figure class=\"wp-block-image alignleft size-large is-resized\"><img loading=\"lazy\" decoding=\"async\" width=\"1024\" height=\"198\" src=\"https:\/\/www.stage.matscobevattning.se\/wp-content\/uploads\/2025\/08\/RainBird_RGB_Brandmark_Green300-1024x198.png\" alt=\"\" class=\"wp-image-321\" style=\"width:340px\" srcset=\"https:\/\/www.stage.matscobevattning.se\/wp-content\/uploads\/2025\/08\/RainBird_RGB_Brandmark_Green300-1024x198.png 1024w, https:\/\/www.stage.matscobevattning.se\/wp-content\/uploads\/2025\/08\/RainBird_RGB_Brandmark_Green300-600x116.png 600w, https:\/\/www.stage.matscobevattning.se\/wp-content\/uploads\/2025\/08\/RainBird_RGB_Brandmark_Green300-300x58.png 300w, https:\/\/www.stage.matscobevattning.se\/wp-content\/uploads\/2025\/08\/RainBird_RGB_Brandmark_Green300-768x149.png 768w, https:\/\/www.stage.matscobevattning.se\/wp-content\/uploads\/2025\/08\/RainBird_RGB_Brandmark_Green300-1536x297.png 1536w, https:\/\/www.stage.matscobevattning.se\/wp-content\/uploads\/2025\/08\/RainBird_RGB_Brandmark_Green300.png 1810w\" sizes=\"auto, (max-width: 1024px) 100vw, 1024px\" \/><\/figure>\n<\/div>\n<\/div>\n<\/div>\n\n\n\n\n\n\n\n<p><\/p>","protected":false},"excerpt":{"rendered":"<p>Behov av bevattning? Vi utf\u00f6r bevattningsjobb inom en m\u00e4ngd olika utomhusomr\u00e5den. Golfbanor Kyrkog\u00e5rdar Parker Fotbollsplaner V\u00e5ra tj\u00e4nster Vi erbjuder kompletta [&hellip;]<\/p>\n","protected":false},"author":1,"featured_media":0,"parent":0,"menu_order":0,"comment_status":"closed","ping_status":"closed","template":"","meta":{"site-sidebar-layout":"no-sidebar","site-content-layout":"plain-container","ast-site-content-layout":"full-width-container","site-content-style":"default","site-sidebar-style":"default","ast-global-header-display":"","ast-banner-title-visibility":"","ast-main-header-display":"","ast-hfb-above-header-display":"","ast-hfb-below-header-display":"","ast-hfb-mobile-header-display":"","site-post-title":"disabled","ast-breadcrumbs-content":"","ast-featured-img":"","footer-sml-layout":"","theme-transparent-header-meta":"enabled","adv-header-id-meta":"","stick-header-meta":"","header-above-stick-meta":"","header-main-stick-meta":"","header-below-stick-meta":"","astra-migrate-meta-layouts":"default","ast-page-background-enabled":"default","ast-page-background-meta":{"desktop":{"background-color":"var(--ast-global-color-5)","background-image":"","background-repeat":"repeat","background-position":"center center","background-size":"auto","background-attachment":"scroll","background-type":"","background-media":"","overlay-type":"","overlay-color":"","overlay-opacity":"","overlay-gradient":""},"tablet":{"background-color":"","background-image":"","background-repeat":"repeat","background-position":"center center","background-size":"auto","background-attachment":"scroll","background-type":"","background-media":"","overlay-type":"","overlay-color":"","overlay-opacity":"","overlay-gradient":""},"mobile":{"background-color":"","background-image":"","background-repeat":"repeat","background-position":"center center","background-size":"auto","background-attachment":"scroll","background-type":"","background-media":"","overlay-type":"","overlay-color":"","overlay-opacity":"","overlay-gradient":""}},"ast-content-background-meta":{"desktop":{"background-color":"var(--ast-global-color-4)","background-image":"","background-repeat":"repeat","background-position":"center center","background-size":"auto","background-attachment":"scroll","background-type":"","background-media":"","overlay-type":"","overlay-color":"","overlay-opacity":"","overlay-gradient":""},"tablet":{"background-color":"var(--ast-global-color-4)","background-image":"","background-repeat":"repeat","background-position":"center center","background-size":"auto","background-attachment":"scroll","background-type":"","background-media":"","overlay-type":"","overlay-color":"","overlay-opacity":"","overlay-gradient":""},"mobile":{"background-color":"var(--ast-global-color-4)","background-image":"","background-repeat":"repeat","background-position":"center center","background-size":"auto","background-attachment":"scroll","background-type":"","background-media":"","overlay-type":"","overlay-color":"","overlay-opacity":"","overlay-gradient":""}},"footnotes":""},"class_list":["post-32","page","type-page","status-publish","hentry"],"_links":{"self":[{"href":"https:\/\/www.stage.matscobevattning.se\/fi\/wp-json\/wp\/v2\/pages\/32","targetHints":{"allow":["GET"]}}],"collection":[{"href":"https:\/\/www.stage.matscobevattning.se\/fi\/wp-json\/wp\/v2\/pages"}],"about":[{"href":"https:\/\/www.stage.matscobevattning.se\/fi\/wp-json\/wp\/v2\/types\/page"}],"author":[{"embeddable":true,"href":"https:\/\/www.stage.matscobevattning.se\/fi\/wp-json\/wp\/v2\/users\/1"}],"replies":[{"embeddable":true,"href":"https:\/\/www.stage.matscobevattning.se\/fi\/wp-json\/wp\/v2\/comments?post=32"}],"version-history":[{"count":323,"href":"https:\/\/www.stage.matscobevattning.se\/fi\/wp-json\/wp\/v2\/pages\/32\/revisions"}],"predecessor-version":[{"id":1639,"href":"https:\/\/www.stage.matscobevattning.se\/fi\/wp-json\/wp\/v2\/pages\/32\/revisions\/1639"}],"wp:attachment":[{"href":"https:\/\/www.stage.matscobevattning.se\/fi\/wp-json\/wp\/v2\/media?parent=32"}],"curies":[{"name":"wp","href":"https:\/\/api.w.org\/{rel}","templated":true}]}}