{"id":833,"date":"2025-08-25T09:02:41","date_gmt":"2025-08-25T09:02:41","guid":{"rendered":"https:\/\/www.matscobevattning.se\/?page_id=833"},"modified":"2025-08-29T10:17:09","modified_gmt":"2025-08-29T10:17:09","slug":"visselblasning","status":"publish","type":"page","link":"https:\/\/www.stage.matscobevattning.se\/fi\/visselblasning\/","title":{"rendered":"Visselbl\u00e5sning"},"content":{"rendered":"<div class=\"wp-block-cover alignfull\" style=\"min-height:200px;aspect-ratio:unset;\"><img loading=\"lazy\" decoding=\"async\" width=\"2560\" height=\"1440\" class=\"wp-block-cover__image-background wp-image-27 size-full\" alt=\"\" src=\"https:\/\/www.stage.matscobevattning.se\/wp-content\/uploads\/2025\/08\/vectorbeast-90-scaled.jpg\" data-object-fit=\"cover\" srcset=\"https:\/\/www.stage.matscobevattning.se\/wp-content\/uploads\/2025\/08\/vectorbeast-90-scaled.jpg 2560w, https:\/\/www.stage.matscobevattning.se\/wp-content\/uploads\/2025\/08\/vectorbeast-90-scaled-600x338.jpg 600w, https:\/\/www.stage.matscobevattning.se\/wp-content\/uploads\/2025\/08\/vectorbeast-90-300x169.jpg 300w, https:\/\/www.stage.matscobevattning.se\/wp-content\/uploads\/2025\/08\/vectorbeast-90-1024x576.jpg 1024w, https:\/\/www.stage.matscobevattning.se\/wp-content\/uploads\/2025\/08\/vectorbeast-90-768x432.jpg 768w, https:\/\/www.stage.matscobevattning.se\/wp-content\/uploads\/2025\/08\/vectorbeast-90-1536x864.jpg 1536w, https:\/\/www.stage.matscobevattning.se\/wp-content\/uploads\/2025\/08\/vectorbeast-90-2048x1152.jpg 2048w\" sizes=\"auto, (max-width: 2560px) 100vw, 2560px\" \/><span aria-hidden=\"true\" class=\"wp-block-cover__background has-background-dim-60 has-background-dim\"><\/span><div class=\"wp-block-cover__inner-container is-layout-flow wp-block-cover-is-layout-flow\">\n<h1 class=\"wp-block-heading has-text-align-center has-ast-global-color-4-color has-text-color has-link-color has-large-font-size wp-elements-d5e9eece86a4745929a6ed43dd77a7f5\" style=\"padding-top:var(--wp--preset--spacing--80);padding-bottom:0\">Visselbl\u00e5sning<\/h1>\n\n\n\n<h4 class=\"wp-block-heading has-text-align-center has-ast-global-color-4-color has-text-color has-link-color has-small-font-size wp-elements-4db4b869b78411231d20e068dba9dee2\" style=\"margin-top:0;margin-right:0;margin-bottom:0;margin-left:0;padding-top:var(--wp--preset--spacing--30);padding-right:0;padding-bottom:var(--wp--preset--spacing--30);padding-left:0\">Anv\u00e4nd v\u00e5r visselbl\u00e5sarl\u00e4nk f\u00f6r att rapportera missf\u00f6rh\u00e5llanden i organisationen.<\/h4>\n<\/div><\/div>\n\n\n\n\n\n<div class=\"wp-block-columns is-layout-flex wp-container-core-columns-is-layout-28f84493 wp-block-columns-is-layout-flex\">\n<div class=\"wp-block-column is-layout-flow wp-block-column-is-layout-flow\">\n<h2 class=\"wp-block-heading has-large-font-size\"><strong>Vi vill veta om missf\u00f6rh\u00e5llanden<\/strong><\/h2>\n\n\n\n<p class=\"has-ast-global-color-1-color has-text-color has-link-color wp-elements-c7ae5285079134676f5beacb4ad05c51\">Vi \u00e4r m\u00e5na om att g\u00f6ra r\u00e4tt och att uppr\u00e4tth\u00e5lla v\u00e5ra medarbetares, samarbetspartners och allm\u00e4nhetens f\u00f6rtroende f\u00f6r oss och v\u00e5r verksamhet. Vi vill d\u00e4rf\u00f6r g\u00f6ra allt vi kan f\u00f6r att uppt\u00e4cka och hindra eventuella missf\u00f6rh\u00e5llanden i v\u00e5r verksamhet s\u00e5 tidigt som m\u00f6jligt. I v\u00e5r visselbl\u00e5sartj\u00e4nst kan du l\u00e4mna en rapport om misstanke om allvarliga missf\u00f6rh\u00e5llanden.<\/p>\n\n\n\n<p class=\"has-ast-global-color-1-color has-text-color has-link-color wp-elements-5eda017ac2694b3ed9fce307415fd765\">Vi har anlitat en oberoende mottagarfunktion som hanterar v\u00e5rt rapporteringssystem f\u00f6r att bibeh\u00e5lla en oberoende och sj\u00e4lvst\u00e4ndig hantering av rapporterna. Alla inkomna rapporter och meddelanden hanteras p\u00e5 ett s\u00e4tt som s\u00e4kerst\u00e4ller konfidentiell behandling av din identitet. Din rapport kommer att vara krypterad och inga IP-adresser kan sp\u00e5ras.<\/p>\n\n\n\n<p class=\"has-ast-global-color-1-color has-text-color has-link-color wp-elements-4d47d0da500628501fc28031ff1ec831\">F\u00f6r att s\u00e4kerst\u00e4lla din anonymitet \u2013 t\u00e4nk p\u00e5 f\u00f6ljande:<br>Skriv av den h\u00e4r l\u00e4nken och skriv in i din egna webbl\u00e4sare.<br>Anv\u00e4nd inte f\u00f6retagets dator eller n\u00e4tverk.<br><strong><br>L\u00e4nk:<\/strong> <a href=\"https:\/\/whistle.qnister.com\/matsco\">https:\/\/whistle.qnister.com\/matsco<\/a><\/p>\n<\/div>\n<\/div>","protected":false},"excerpt":{"rendered":"<p>Vi vill veta om missf\u00f6rh\u00e5llanden Vi \u00e4r m\u00e5na om att g\u00f6ra r\u00e4tt och att uppr\u00e4tth\u00e5lla v\u00e5ra medarbetares, samarbetspartners och allm\u00e4nhetens [&hellip;]<\/p>\n","protected":false},"author":1,"featured_media":0,"parent":0,"menu_order":0,"comment_status":"closed","ping_status":"closed","template":"","meta":{"site-sidebar-layout":"no-sidebar","site-content-layout":"plain-container","ast-site-content-layout":"full-width-container","site-content-style":"default","site-sidebar-style":"default","ast-global-header-display":"","ast-banner-title-visibility":"","ast-main-header-display":"","ast-hfb-above-header-display":"","ast-hfb-below-header-display":"","ast-hfb-mobile-header-display":"","site-post-title":"disabled","ast-breadcrumbs-content":"","ast-featured-img":"","footer-sml-layout":"","theme-transparent-header-meta":"enabled","adv-header-id-meta":"","stick-header-meta":"","header-above-stick-meta":"","header-main-stick-meta":"","header-below-stick-meta":"","astra-migrate-meta-layouts":"default","ast-page-background-enabled":"default","ast-page-background-meta":{"desktop":{"background-color":"var(--ast-global-color-5)","background-image":"","background-repeat":"repeat","background-position":"center center","background-size":"auto","background-attachment":"scroll","background-type":"","background-media":"","overlay-type":"","overlay-color":"","overlay-opacity":"","overlay-gradient":""},"tablet":{"background-color":"","background-image":"","background-repeat":"repeat","background-position":"center center","background-size":"auto","background-attachment":"scroll","background-type":"","background-media":"","overlay-type":"","overlay-color":"","overlay-opacity":"","overlay-gradient":""},"mobile":{"background-color":"","background-image":"","background-repeat":"repeat","background-position":"center center","background-size":"auto","background-attachment":"scroll","background-type":"","background-media":"","overlay-type":"","overlay-color":"","overlay-opacity":"","overlay-gradient":""}},"ast-content-background-meta":{"desktop":{"background-color":"var(--ast-global-color-4)","background-image":"","background-repeat":"repeat","background-position":"center center","background-size":"auto","background-attachment":"scroll","background-type":"","background-media":"","overlay-type":"","overlay-color":"","overlay-opacity":"","overlay-gradient":""},"tablet":{"background-color":"var(--ast-global-color-4)","background-image":"","background-repeat":"repeat","background-position":"center center","background-size":"auto","background-attachment":"scroll","background-type":"","background-media":"","overlay-type":"","overlay-color":"","overlay-opacity":"","overlay-gradient":""},"mobile":{"background-color":"var(--ast-global-color-4)","background-image":"","background-repeat":"repeat","background-position":"center center","background-size":"auto","background-attachment":"scroll","background-type":"","background-media":"","overlay-type":"","overlay-color":"","overlay-opacity":"","overlay-gradient":""}},"footnotes":""},"class_list":["post-833","page","type-page","status-publish","hentry"],"_links":{"self":[{"href":"https:\/\/www.stage.matscobevattning.se\/fi\/wp-json\/wp\/v2\/pages\/833","targetHints":{"allow":["GET"]}}],"collection":[{"href":"https:\/\/www.stage.matscobevattning.se\/fi\/wp-json\/wp\/v2\/pages"}],"about":[{"href":"https:\/\/www.stage.matscobevattning.se\/fi\/wp-json\/wp\/v2\/types\/page"}],"author":[{"embeddable":true,"href":"https:\/\/www.stage.matscobevattning.se\/fi\/wp-json\/wp\/v2\/users\/1"}],"replies":[{"embeddable":true,"href":"https:\/\/www.stage.matscobevattning.se\/fi\/wp-json\/wp\/v2\/comments?post=833"}],"version-history":[{"count":21,"href":"https:\/\/www.stage.matscobevattning.se\/fi\/wp-json\/wp\/v2\/pages\/833\/revisions"}],"predecessor-version":[{"id":1185,"href":"https:\/\/www.stage.matscobevattning.se\/fi\/wp-json\/wp\/v2\/pages\/833\/revisions\/1185"}],"wp:attachment":[{"href":"https:\/\/www.stage.matscobevattning.se\/fi\/wp-json\/wp\/v2\/media?parent=833"}],"curies":[{"name":"wp","href":"https:\/\/api.w.org\/{rel}","templated":true}]}}