{"id":1484,"date":"2025-11-10T13:24:16","date_gmt":"2025-11-10T13:24:16","guid":{"rendered":"https:\/\/www.stage.matscobevattning.se\/?post_type=product&#038;p=1484"},"modified":"2026-02-05T08:04:05","modified_gmt":"2026-02-05T08:04:05","slug":"rain-bird-32sa-popup-rotor-97m-rackvidd","status":"publish","type":"product","link":"https:\/\/www.stage.matscobevattning.se\/fi\/tuote\/rain-bird-32sa-popup-rotor-97m-rackvidd\/","title":{"rendered":"Rain Bird 32SA \u2013 Pop-up rotor med 9,7 m r\u00e4ckvidd"},"content":{"rendered":"<p>Professionell pop-up spridare fr\u00e5n Rain Bird som automatiskt f\u00e4lls upp n\u00e4r bevattningen startar och d\u00f6ljs i marken n\u00e4r den \u00e4r klar. Perfekt f\u00f6r mellanstora gr\u00e4smattor och tr\u00e4dg\u00e5rdar.<\/p>\n<ul>\n<li>Bevattnar fr\u00e5n 5,7 till 9,7 meter<\/li>\n<li>Pop up-h\u00f6jd p\u00e5 10 cm ger bra t\u00e4ckning \u00f6ver gr\u00e4set<\/li>\n<li>Sj\u00e4lvreng\u00f6rande och spolar automatiskt bort smuts och skr\u00e4p<\/li>\n<li>Inbyggt verktyg f\u00f6r att justera spridningsm\u00f6nstret<\/li>\n<\/ul>\n<p>Rain Curtain-tekniken f\u00f6rdelar vattnet j\u00e4mnt \u00f6ver hela ytan. Passar f\u00f6r mellanstora gr\u00e4smattor, tr\u00e4dg\u00e5rdar och ytor d\u00e4r du vill ha automatisk bevattning med professionellt resultat.<\/p>","protected":false},"excerpt":{"rendered":"<p>Professionell pop-up spridare fr\u00e5n Rain Bird som automatiskt f\u00e4lls upp n\u00e4r bevattningen startar och d\u00f6ljs i marken n\u00e4r den \u00e4r klar. Perfekt f\u00f6r mellanstora gr\u00e4smattor och tr\u00e4dg\u00e5rdar.<\/p>\n<ul>\n<li>Bevattnar fr\u00e5n 5,7 till 9,7 meter<\/li>\n<li>Pop up-h\u00f6jd p\u00e5 10 cm ger bra t\u00e4ckning \u00f6ver gr\u00e4set<\/li>\n<li>Sj\u00e4lvreng\u00f6rande och spolar automatiskt bort smuts och skr\u00e4p<\/li>\n<li>Inbyggt verktyg f\u00f6r att justera spridningsm\u00f6nstret<\/li>\n<\/ul>\n<p><img loading=\"lazy\" decoding=\"async\" class=\"alignnone wp-image-1495\" src=\"https:\/\/www.stage.matscobevattning.se\/wp-content\/uploads\/2025\/11\/RainBird_RGB_Brandmark_Green300-1-300x58.png\" alt=\"\" width=\"160\" height=\"31\" srcset=\"https:\/\/www.stage.matscobevattning.se\/wp-content\/uploads\/2025\/11\/RainBird_RGB_Brandmark_Green300-1-300x58.png 300w, https:\/\/www.stage.matscobevattning.se\/wp-content\/uploads\/2025\/11\/RainBird_RGB_Brandmark_Green300-1-1024x198.png 1024w, https:\/\/www.stage.matscobevattning.se\/wp-content\/uploads\/2025\/11\/RainBird_RGB_Brandmark_Green300-1-768x149.png 768w, https:\/\/www.stage.matscobevattning.se\/wp-content\/uploads\/2025\/11\/RainBird_RGB_Brandmark_Green300-1-1536x297.png 1536w, https:\/\/www.stage.matscobevattning.se\/wp-content\/uploads\/2025\/11\/RainBird_RGB_Brandmark_Green300-1-600x116.png 600w, https:\/\/www.stage.matscobevattning.se\/wp-content\/uploads\/2025\/11\/RainBird_RGB_Brandmark_Green300-1.png 1810w\" sizes=\"auto, (max-width: 160px) 100vw, 160px\" \/><\/p>","protected":false},"featured_media":1485,"comment_status":"closed","ping_status":"closed","template":"","meta":{"site-sidebar-layout":"default","site-content-layout":"","ast-site-content-layout":"default","site-content-style":"default","site-sidebar-style":"default","ast-global-header-display":"","ast-banner-title-visibility":"","ast-main-header-display":"","ast-hfb-above-header-display":"","ast-hfb-below-header-display":"","ast-hfb-mobile-header-display":"","site-post-title":"","ast-breadcrumbs-content":"","ast-featured-img":"","footer-sml-layout":"","theme-transparent-header-meta":"default","adv-header-id-meta":"","stick-header-meta":"","header-above-stick-meta":"","header-main-stick-meta":"","header-below-stick-meta":"","astra-migrate-meta-layouts":"set","ast-page-background-enabled":"default","ast-page-background-meta":{"desktop":{"background-color":"var(--ast-global-color-5)","background-image":"","background-repeat":"repeat","background-position":"center center","background-size":"auto","background-attachment":"scroll","background-type":"","background-media":"","overlay-type":"","overlay-color":"","overlay-opacity":"","overlay-gradient":""},"tablet":{"background-color":"","background-image":"","background-repeat":"repeat","background-position":"center center","background-size":"auto","background-attachment":"scroll","background-type":"","background-media":"","overlay-type":"","overlay-color":"","overlay-opacity":"","overlay-gradient":""},"mobile":{"background-color":"","background-image":"","background-repeat":"repeat","background-position":"center center","background-size":"auto","background-attachment":"scroll","background-type":"","background-media":"","overlay-type":"","overlay-color":"","overlay-opacity":"","overlay-gradient":""}},"ast-content-background-meta":{"desktop":{"background-color":"var(--ast-global-color-4)","background-image":"","background-repeat":"repeat","background-position":"center center","background-size":"auto","background-attachment":"scroll","background-type":"","background-media":"","overlay-type":"","overlay-color":"","overlay-opacity":"","overlay-gradient":""},"tablet":{"background-color":"var(--ast-global-color-4)","background-image":"","background-repeat":"repeat","background-position":"center center","background-size":"auto","background-attachment":"scroll","background-type":"","background-media":"","overlay-type":"","overlay-color":"","overlay-opacity":"","overlay-gradient":""},"mobile":{"background-color":"var(--ast-global-color-4)","background-image":"","background-repeat":"repeat","background-position":"center center","background-size":"auto","background-attachment":"scroll","background-type":"","background-media":"","overlay-type":"","overlay-color":"","overlay-opacity":"","overlay-gradient":""}}},"product_brand":[31],"product_cat":[47],"product_tag":[],"class_list":{"0":"post-1484","1":"product","2":"type-product","3":"status-publish","4":"has-post-thumbnail","6":"product_brand-rain-bird","7":"product_cat-pop-up-spridare","8":"product_shipping_class-sma-paket","9":"desktop-align-left","10":"tablet-align-left","11":"mobile-align-left","13":"first","14":"instock","15":"taxable","16":"shipping-taxable","17":"purchasable","18":"product-type-simple"},"_links":{"self":[{"href":"https:\/\/www.stage.matscobevattning.se\/fi\/wp-json\/wp\/v2\/product\/1484","targetHints":{"allow":["GET"]}}],"collection":[{"href":"https:\/\/www.stage.matscobevattning.se\/fi\/wp-json\/wp\/v2\/product"}],"about":[{"href":"https:\/\/www.stage.matscobevattning.se\/fi\/wp-json\/wp\/v2\/types\/product"}],"replies":[{"embeddable":true,"href":"https:\/\/www.stage.matscobevattning.se\/fi\/wp-json\/wp\/v2\/comments?post=1484"}],"wp:featuredmedia":[{"embeddable":true,"href":"https:\/\/www.stage.matscobevattning.se\/fi\/wp-json\/wp\/v2\/media\/1485"}],"wp:attachment":[{"href":"https:\/\/www.stage.matscobevattning.se\/fi\/wp-json\/wp\/v2\/media?parent=1484"}],"wp:term":[{"taxonomy":"product_brand","embeddable":true,"href":"https:\/\/www.stage.matscobevattning.se\/fi\/wp-json\/wp\/v2\/product_brand?post=1484"},{"taxonomy":"product_cat","embeddable":true,"href":"https:\/\/www.stage.matscobevattning.se\/fi\/wp-json\/wp\/v2\/product_cat?post=1484"},{"taxonomy":"product_tag","embeddable":true,"href":"https:\/\/www.stage.matscobevattning.se\/fi\/wp-json\/wp\/v2\/product_tag?post=1484"}],"curies":[{"name":"wp","href":"https:\/\/api.w.org\/{rel}","templated":true}]}}