{"id":1489,"date":"2025-11-10T13:38:40","date_gmt":"2025-11-10T13:38:40","guid":{"rendered":"https:\/\/www.stage.matscobevattning.se\/?post_type=product&#038;p=1489"},"modified":"2026-02-05T08:04:06","modified_gmt":"2026-02-05T08:04:06","slug":"rain-bird-1804lng-pop-up-spridare-utan-munstycke","status":"publish","type":"product","link":"https:\/\/www.stage.matscobevattning.se\/fi\/tuote\/rain-bird-1804lng-pop-up-spridare-utan-munstycke\/","title":{"rendered":"Rain Bird 1804LNG \u2013 Robust pop-up spridare utan munstycke"},"content":{"rendered":"<p>Robust popup-spridare som automatiskt f\u00e4lls upp vid bevattning och d\u00f6ljs diskret i marken n\u00e4r den \u00e4r klar. Perfekt som grund f\u00f6r ett anpassat bevattningssystem d\u00e4r du sj\u00e4lv v\u00e4ljer r\u00e4tt munstycke f\u00f6r dina behov.<\/p>\n<ul>\n<li>Bevattnar upp till 4 meters radie beroende p\u00e5 munstycke<\/li>\n<li>Pop up-h\u00f6jd p\u00e5 10 cm ger bra t\u00e4ckning \u00f6ver gr\u00e4set<\/li>\n<li>Kraftig design som h\u00e5ller f\u00f6r tuffa f\u00f6rh\u00e5llanden<\/li>\n<li>Patenterad tryckaktiverad torkart\u00e4tning ger s\u00e4ker funktion s\u00e4song efter s\u00e4song<\/li>\n<\/ul>\n<p>Den patenterade torkart\u00e4tningen f\u00f6rhindrar effektivt vattenl\u00e4ckage och s\u00e4kerst\u00e4ller l\u00e5ng livsl\u00e4ngd \u00e4ven under kr\u00e4vande f\u00f6rh\u00e5llanden. S\u00e4ljs utan munstycke s\u00e5 du kan bygga ett bevattningssystem helt efter dina egna \u00f6nskem\u00e5l \u2013 perfekt f\u00f6r b\u00e5de sm\u00e5 rabatter och st\u00f6rre gr\u00e4sytor.<\/p>","protected":false},"excerpt":{"rendered":"<p>Robust popup-spridare som automatiskt f\u00e4lls upp vid bevattning och d\u00f6ljs diskret i marken n\u00e4r den \u00e4r klar. Perfekt som grund f\u00f6r ett anpassat bevattningssystem d\u00e4r du sj\u00e4lv v\u00e4ljer r\u00e4tt munstycke f\u00f6r dina behov.<\/p>\n<ul>\n<li>Bevattnar upp till 4 meters radie beroende p\u00e5 munstycke<\/li>\n<li>Pop up-h\u00f6jd p\u00e5 10 cm ger bra t\u00e4ckning \u00f6ver gr\u00e4set<\/li>\n<li>Kraftig design som h\u00e5ller f\u00f6r tuffa f\u00f6rh\u00e5llanden<\/li>\n<li>Patenterad tryckaktiverad torkart\u00e4tning ger s\u00e4ker funktion s\u00e4song efter s\u00e4song<\/li>\n<\/ul>\n<p><img loading=\"lazy\" decoding=\"async\" class=\"alignnone wp-image-1495\" src=\"https:\/\/www.stage.matscobevattning.se\/wp-content\/uploads\/2025\/11\/RainBird_RGB_Brandmark_Green300-1-300x58.png\" alt=\"\" width=\"160\" height=\"31\" srcset=\"https:\/\/www.stage.matscobevattning.se\/wp-content\/uploads\/2025\/11\/RainBird_RGB_Brandmark_Green300-1-300x58.png 300w, https:\/\/www.stage.matscobevattning.se\/wp-content\/uploads\/2025\/11\/RainBird_RGB_Brandmark_Green300-1-1024x198.png 1024w, https:\/\/www.stage.matscobevattning.se\/wp-content\/uploads\/2025\/11\/RainBird_RGB_Brandmark_Green300-1-768x149.png 768w, https:\/\/www.stage.matscobevattning.se\/wp-content\/uploads\/2025\/11\/RainBird_RGB_Brandmark_Green300-1-1536x297.png 1536w, https:\/\/www.stage.matscobevattning.se\/wp-content\/uploads\/2025\/11\/RainBird_RGB_Brandmark_Green300-1-600x116.png 600w, https:\/\/www.stage.matscobevattning.se\/wp-content\/uploads\/2025\/11\/RainBird_RGB_Brandmark_Green300-1.png 1810w\" sizes=\"auto, (max-width: 160px) 100vw, 160px\" \/><\/p>","protected":false},"featured_media":1490,"comment_status":"closed","ping_status":"closed","template":"","meta":{"site-sidebar-layout":"default","site-content-layout":"","ast-site-content-layout":"default","site-content-style":"default","site-sidebar-style":"default","ast-global-header-display":"","ast-banner-title-visibility":"","ast-main-header-display":"","ast-hfb-above-header-display":"","ast-hfb-below-header-display":"","ast-hfb-mobile-header-display":"","site-post-title":"","ast-breadcrumbs-content":"","ast-featured-img":"","footer-sml-layout":"","theme-transparent-header-meta":"default","adv-header-id-meta":"","stick-header-meta":"","header-above-stick-meta":"","header-main-stick-meta":"","header-below-stick-meta":"","astra-migrate-meta-layouts":"set","ast-page-background-enabled":"default","ast-page-background-meta":{"desktop":{"background-color":"var(--ast-global-color-5)","background-image":"","background-repeat":"repeat","background-position":"center center","background-size":"auto","background-attachment":"scroll","background-type":"","background-media":"","overlay-type":"","overlay-color":"","overlay-opacity":"","overlay-gradient":""},"tablet":{"background-color":"","background-image":"","background-repeat":"repeat","background-position":"center center","background-size":"auto","background-attachment":"scroll","background-type":"","background-media":"","overlay-type":"","overlay-color":"","overlay-opacity":"","overlay-gradient":""},"mobile":{"background-color":"","background-image":"","background-repeat":"repeat","background-position":"center center","background-size":"auto","background-attachment":"scroll","background-type":"","background-media":"","overlay-type":"","overlay-color":"","overlay-opacity":"","overlay-gradient":""}},"ast-content-background-meta":{"desktop":{"background-color":"var(--ast-global-color-4)","background-image":"","background-repeat":"repeat","background-position":"center center","background-size":"auto","background-attachment":"scroll","background-type":"","background-media":"","overlay-type":"","overlay-color":"","overlay-opacity":"","overlay-gradient":""},"tablet":{"background-color":"var(--ast-global-color-4)","background-image":"","background-repeat":"repeat","background-position":"center center","background-size":"auto","background-attachment":"scroll","background-type":"","background-media":"","overlay-type":"","overlay-color":"","overlay-opacity":"","overlay-gradient":""},"mobile":{"background-color":"var(--ast-global-color-4)","background-image":"","background-repeat":"repeat","background-position":"center center","background-size":"auto","background-attachment":"scroll","background-type":"","background-media":"","overlay-type":"","overlay-color":"","overlay-opacity":"","overlay-gradient":""}}},"product_brand":[31],"product_cat":[47],"product_tag":[],"class_list":{"0":"post-1489","1":"product","2":"type-product","3":"status-publish","4":"has-post-thumbnail","6":"product_brand-rain-bird","7":"product_cat-pop-up-spridare","8":"product_shipping_class-sma-paket","9":"desktop-align-left","10":"tablet-align-left","11":"mobile-align-left","13":"first","14":"instock","15":"taxable","16":"shipping-taxable","17":"purchasable","18":"product-type-simple"},"_links":{"self":[{"href":"https:\/\/www.stage.matscobevattning.se\/fi\/wp-json\/wp\/v2\/product\/1489","targetHints":{"allow":["GET"]}}],"collection":[{"href":"https:\/\/www.stage.matscobevattning.se\/fi\/wp-json\/wp\/v2\/product"}],"about":[{"href":"https:\/\/www.stage.matscobevattning.se\/fi\/wp-json\/wp\/v2\/types\/product"}],"replies":[{"embeddable":true,"href":"https:\/\/www.stage.matscobevattning.se\/fi\/wp-json\/wp\/v2\/comments?post=1489"}],"wp:featuredmedia":[{"embeddable":true,"href":"https:\/\/www.stage.matscobevattning.se\/fi\/wp-json\/wp\/v2\/media\/1490"}],"wp:attachment":[{"href":"https:\/\/www.stage.matscobevattning.se\/fi\/wp-json\/wp\/v2\/media?parent=1489"}],"wp:term":[{"taxonomy":"product_brand","embeddable":true,"href":"https:\/\/www.stage.matscobevattning.se\/fi\/wp-json\/wp\/v2\/product_brand?post=1489"},{"taxonomy":"product_cat","embeddable":true,"href":"https:\/\/www.stage.matscobevattning.se\/fi\/wp-json\/wp\/v2\/product_cat?post=1489"},{"taxonomy":"product_tag","embeddable":true,"href":"https:\/\/www.stage.matscobevattning.se\/fi\/wp-json\/wp\/v2\/product_tag?post=1489"}],"curies":[{"name":"wp","href":"https:\/\/api.w.org\/{rel}","templated":true}]}}