{"id":1519,"date":"2025-11-11T15:08:09","date_gmt":"2025-11-11T15:08:09","guid":{"rendered":"https:\/\/www.stage.matscobevattning.se\/?post_type=product&#038;p=1519"},"modified":"2026-02-05T08:04:11","modified_gmt":"2026-02-05T08:04:11","slug":"rain-bird-uns15apg-kompakt-pop-up-spridare-med-46-m-rackvidd","status":"publish","type":"product","link":"https:\/\/www.stage.matscobevattning.se\/fi\/tuote\/rain-bird-uns15apg-kompakt-pop-up-spridare-med-46-m-rackvidd\/","title":{"rendered":"Rain Bird UNS15APG \u2013 Kompakt pop-up spridare med 4,6 m r\u00e4ckvidd"},"content":{"rendered":"<p>Kompakt pop-up spridare som automatiskt f\u00e4lls upp vid bevattning och d\u00f6ljs diskret i marken n\u00e4r den \u00e4r klar. Levereras komplett med justerbart munstycke \u2013 perfekt f\u00f6r mindre gr\u00e4sytor, rabatter och tr\u00e4dg\u00e5rdssektioner d\u00e4r du vill ha exakt t\u00e4ckning.<\/p>\n<ul>\n<li>Bevattnar fr\u00e5n 3,4 till 4,6 meter<\/li>\n<li>Pop-up-h\u00f6jd p\u00e5 10 cm f\u00f6r optimal t\u00e4ckning \u00f6ver gr\u00e4set<\/li>\n<li>Justerbart spridningsm\u00f6nster fr\u00e5n 0 till 360 grader<\/li>\n<li>Patenterad tryckaktiverad torkart\u00e4tning ger s\u00e4ker funktion s\u00e4song efter s\u00e4song<\/li>\n<\/ul>\n<p>Den kompakta storleken g\u00f6r att spridaren sm\u00e4lter in diskret i landskapet och passar utm\u00e4rkt d\u00e4r du vill ha automatisk bevattning utan att spridaren syns. Torkart\u00e4tningen f\u00f6rhindrar effektivt vattenl\u00e4ckage och s\u00e4kerst\u00e4ller l\u00e5ng livsl\u00e4ngd \u2013 \u00e4ven under kr\u00e4vande f\u00f6rh\u00e5llanden.<\/p>","protected":false},"excerpt":{"rendered":"<p>Kompakt pop-up spridare som automatiskt f\u00e4lls upp vid bevattning och d\u00f6ljs diskret i marken n\u00e4r den \u00e4r klar. Levereras komplett med justerbart munstycke \u2013 perfekt f\u00f6r mindre gr\u00e4sytor, rabatter och tr\u00e4dg\u00e5rdssektioner d\u00e4r du vill ha exakt t\u00e4ckning.<\/p>\n<ul>\n<li>Bevattnar fr\u00e5n 3,4 till 4,6 meter<\/li>\n<li>Pop-up-h\u00f6jd p\u00e5 10 cm f\u00f6r optimal t\u00e4ckning \u00f6ver gr\u00e4set<\/li>\n<li>Justerbart spridningsm\u00f6nster fr\u00e5n 0 till 360 grader<\/li>\n<li>Patenterad tryckaktiverad torkart\u00e4tning ger s\u00e4ker funktion s\u00e4song efter s\u00e4song<\/li>\n<\/ul>\n<p><img loading=\"lazy\" decoding=\"async\" class=\"alignnone wp-image-321\" src=\"https:\/\/www.stage.matscobevattning.se\/wp-content\/uploads\/2025\/08\/RainBird_RGB_Brandmark_Green300-300x58.png\" alt=\"\" width=\"160\" height=\"31\" srcset=\"https:\/\/www.stage.matscobevattning.se\/wp-content\/uploads\/2025\/08\/RainBird_RGB_Brandmark_Green300-300x58.png 300w, https:\/\/www.stage.matscobevattning.se\/wp-content\/uploads\/2025\/08\/RainBird_RGB_Brandmark_Green300-600x116.png 600w, https:\/\/www.stage.matscobevattning.se\/wp-content\/uploads\/2025\/08\/RainBird_RGB_Brandmark_Green300-1024x198.png 1024w, https:\/\/www.stage.matscobevattning.se\/wp-content\/uploads\/2025\/08\/RainBird_RGB_Brandmark_Green300-768x149.png 768w, https:\/\/www.stage.matscobevattning.se\/wp-content\/uploads\/2025\/08\/RainBird_RGB_Brandmark_Green300-1536x297.png 1536w, https:\/\/www.stage.matscobevattning.se\/wp-content\/uploads\/2025\/08\/RainBird_RGB_Brandmark_Green300.png 1810w\" sizes=\"auto, (max-width: 160px) 100vw, 160px\" \/><\/p>","protected":false},"featured_media":1520,"comment_status":"closed","ping_status":"closed","template":"","meta":{"site-sidebar-layout":"default","site-content-layout":"","ast-site-content-layout":"default","site-content-style":"default","site-sidebar-style":"default","ast-global-header-display":"","ast-banner-title-visibility":"","ast-main-header-display":"","ast-hfb-above-header-display":"","ast-hfb-below-header-display":"","ast-hfb-mobile-header-display":"","site-post-title":"","ast-breadcrumbs-content":"","ast-featured-img":"","footer-sml-layout":"","theme-transparent-header-meta":"default","adv-header-id-meta":"","stick-header-meta":"","header-above-stick-meta":"","header-main-stick-meta":"","header-below-stick-meta":"","astra-migrate-meta-layouts":"set","ast-page-background-enabled":"default","ast-page-background-meta":{"desktop":{"background-color":"var(--ast-global-color-5)","background-image":"","background-repeat":"repeat","background-position":"center center","background-size":"auto","background-attachment":"scroll","background-type":"","background-media":"","overlay-type":"","overlay-color":"","overlay-opacity":"","overlay-gradient":""},"tablet":{"background-color":"","background-image":"","background-repeat":"repeat","background-position":"center center","background-size":"auto","background-attachment":"scroll","background-type":"","background-media":"","overlay-type":"","overlay-color":"","overlay-opacity":"","overlay-gradient":""},"mobile":{"background-color":"","background-image":"","background-repeat":"repeat","background-position":"center center","background-size":"auto","background-attachment":"scroll","background-type":"","background-media":"","overlay-type":"","overlay-color":"","overlay-opacity":"","overlay-gradient":""}},"ast-content-background-meta":{"desktop":{"background-color":"var(--ast-global-color-4)","background-image":"","background-repeat":"repeat","background-position":"center center","background-size":"auto","background-attachment":"scroll","background-type":"","background-media":"","overlay-type":"","overlay-color":"","overlay-opacity":"","overlay-gradient":""},"tablet":{"background-color":"var(--ast-global-color-4)","background-image":"","background-repeat":"repeat","background-position":"center center","background-size":"auto","background-attachment":"scroll","background-type":"","background-media":"","overlay-type":"","overlay-color":"","overlay-opacity":"","overlay-gradient":""},"mobile":{"background-color":"var(--ast-global-color-4)","background-image":"","background-repeat":"repeat","background-position":"center center","background-size":"auto","background-attachment":"scroll","background-type":"","background-media":"","overlay-type":"","overlay-color":"","overlay-opacity":"","overlay-gradient":""}}},"product_brand":[31],"product_cat":[47],"product_tag":[],"class_list":{"0":"post-1519","1":"product","2":"type-product","3":"status-publish","4":"has-post-thumbnail","6":"product_brand-rain-bird","7":"product_cat-pop-up-spridare","8":"product_shipping_class-sma-paket","9":"desktop-align-left","10":"tablet-align-left","11":"mobile-align-left","13":"first","14":"instock","15":"taxable","16":"shipping-taxable","17":"purchasable","18":"product-type-simple"},"_links":{"self":[{"href":"https:\/\/www.stage.matscobevattning.se\/fi\/wp-json\/wp\/v2\/product\/1519","targetHints":{"allow":["GET"]}}],"collection":[{"href":"https:\/\/www.stage.matscobevattning.se\/fi\/wp-json\/wp\/v2\/product"}],"about":[{"href":"https:\/\/www.stage.matscobevattning.se\/fi\/wp-json\/wp\/v2\/types\/product"}],"replies":[{"embeddable":true,"href":"https:\/\/www.stage.matscobevattning.se\/fi\/wp-json\/wp\/v2\/comments?post=1519"}],"wp:featuredmedia":[{"embeddable":true,"href":"https:\/\/www.stage.matscobevattning.se\/fi\/wp-json\/wp\/v2\/media\/1520"}],"wp:attachment":[{"href":"https:\/\/www.stage.matscobevattning.se\/fi\/wp-json\/wp\/v2\/media?parent=1519"}],"wp:term":[{"taxonomy":"product_brand","embeddable":true,"href":"https:\/\/www.stage.matscobevattning.se\/fi\/wp-json\/wp\/v2\/product_brand?post=1519"},{"taxonomy":"product_cat","embeddable":true,"href":"https:\/\/www.stage.matscobevattning.se\/fi\/wp-json\/wp\/v2\/product_cat?post=1519"},{"taxonomy":"product_tag","embeddable":true,"href":"https:\/\/www.stage.matscobevattning.se\/fi\/wp-json\/wp\/v2\/product_tag?post=1519"}],"curies":[{"name":"wp","href":"https:\/\/api.w.org\/{rel}","templated":true}]}}