{"id":1540,"date":"2025-11-12T10:43:13","date_gmt":"2025-11-12T10:43:13","guid":{"rendered":"https:\/\/www.stage.matscobevattning.se\/?post_type=product&#038;p=1540"},"modified":"2026-02-05T08:04:15","modified_gmt":"2026-02-05T08:04:15","slug":"rain-bird-15apg-justerbart-munstycke-for-korta-avstand","status":"publish","type":"product","link":"https:\/\/www.stage.matscobevattning.se\/fi\/tuote\/rain-bird-15apg-justerbart-munstycke-for-korta-avstand\/","title":{"rendered":"Rain Bird 15APG \u2013 Justerbart munstycke f\u00f6r korta avst\u00e5nd"},"content":{"rendered":"<p>Kompakt munstycke som l\u00e5ter dig enkelt justera b\u00e5de r\u00e4ckvidd och spridningsm\u00f6nster efter behov. Idealisk f\u00f6r sm\u00e5 ytor d\u00e4r du vill ha vattenbesparing och exakt t\u00e4ckning.<\/p>\n<ul>\n<li>L\u00e4ttjusterbar r\u00e4ckvidd fr\u00e5n 3,4 till 4,6 meter<\/li>\n<li>Justerbart spridningsm\u00f6nster fr\u00e5n 0 till 360 grader<\/li>\n<li>St\u00e4nger vid bevattning f\u00f6r att f\u00f6rhindra torra fl\u00e4ckar runt spridaren<\/li>\n<li>Kompatibel med alla Rain Birds spridare (?)<\/li>\n<\/ul>\n<p>Det h\u00e4r munstycket \u00e4r ett smart val f\u00f6r mindre rabatter, smala gr\u00e4spartier och tr\u00e4dg\u00e5rdsytor d\u00e4r precision \u00e4r viktig. Den kompakta designen och flexibla inst\u00e4llningen g\u00f6r det enkelt att f\u00e5 till en j\u00e4mn bevattning.<\/p>","protected":false},"excerpt":{"rendered":"<p>Kompakt munstycke som l\u00e5ter dig enkelt justera b\u00e5de r\u00e4ckvidd och spridningsm\u00f6nster efter behov. Idealisk f\u00f6r sm\u00e5 ytor d\u00e4r du vill ha vattenbesparing och exakt t\u00e4ckning.<\/p>\n<ul>\n<li>L\u00e4ttjusterbar r\u00e4ckvidd fr\u00e5n 3,4 till 4,6 meter<\/li>\n<li>Justerbart spridningsm\u00f6nster fr\u00e5n 0 till 360 grader<\/li>\n<li>St\u00e4nger vid bevattning f\u00f6r att f\u00f6rhindra torra fl\u00e4ckar runt spridaren<\/li>\n<li>Kompatibel med alla Rain Birds spridare (?)<\/li>\n<\/ul>\n<p><img loading=\"lazy\" decoding=\"async\" class=\"alignnone wp-image-1495\" src=\"https:\/\/www.stage.matscobevattning.se\/wp-content\/uploads\/2025\/11\/RainBird_RGB_Brandmark_Green300-1-300x58.png\" alt=\"\" width=\"160\" height=\"31\" srcset=\"https:\/\/www.stage.matscobevattning.se\/wp-content\/uploads\/2025\/11\/RainBird_RGB_Brandmark_Green300-1-300x58.png 300w, https:\/\/www.stage.matscobevattning.se\/wp-content\/uploads\/2025\/11\/RainBird_RGB_Brandmark_Green300-1-1024x198.png 1024w, https:\/\/www.stage.matscobevattning.se\/wp-content\/uploads\/2025\/11\/RainBird_RGB_Brandmark_Green300-1-768x149.png 768w, https:\/\/www.stage.matscobevattning.se\/wp-content\/uploads\/2025\/11\/RainBird_RGB_Brandmark_Green300-1-1536x297.png 1536w, https:\/\/www.stage.matscobevattning.se\/wp-content\/uploads\/2025\/11\/RainBird_RGB_Brandmark_Green300-1-600x116.png 600w, https:\/\/www.stage.matscobevattning.se\/wp-content\/uploads\/2025\/11\/RainBird_RGB_Brandmark_Green300-1.png 1810w\" sizes=\"auto, (max-width: 160px) 100vw, 160px\" \/><\/p>","protected":false},"featured_media":1541,"comment_status":"closed","ping_status":"closed","template":"","meta":{"site-sidebar-layout":"default","site-content-layout":"","ast-site-content-layout":"default","site-content-style":"default","site-sidebar-style":"default","ast-global-header-display":"","ast-banner-title-visibility":"","ast-main-header-display":"","ast-hfb-above-header-display":"","ast-hfb-below-header-display":"","ast-hfb-mobile-header-display":"","site-post-title":"","ast-breadcrumbs-content":"","ast-featured-img":"","footer-sml-layout":"","theme-transparent-header-meta":"default","adv-header-id-meta":"","stick-header-meta":"","header-above-stick-meta":"","header-main-stick-meta":"","header-below-stick-meta":"","astra-migrate-meta-layouts":"set","ast-page-background-enabled":"default","ast-page-background-meta":{"desktop":{"background-color":"var(--ast-global-color-5)","background-image":"","background-repeat":"repeat","background-position":"center center","background-size":"auto","background-attachment":"scroll","background-type":"","background-media":"","overlay-type":"","overlay-color":"","overlay-opacity":"","overlay-gradient":""},"tablet":{"background-color":"","background-image":"","background-repeat":"repeat","background-position":"center center","background-size":"auto","background-attachment":"scroll","background-type":"","background-media":"","overlay-type":"","overlay-color":"","overlay-opacity":"","overlay-gradient":""},"mobile":{"background-color":"","background-image":"","background-repeat":"repeat","background-position":"center center","background-size":"auto","background-attachment":"scroll","background-type":"","background-media":"","overlay-type":"","overlay-color":"","overlay-opacity":"","overlay-gradient":""}},"ast-content-background-meta":{"desktop":{"background-color":"var(--ast-global-color-4)","background-image":"","background-repeat":"repeat","background-position":"center center","background-size":"auto","background-attachment":"scroll","background-type":"","background-media":"","overlay-type":"","overlay-color":"","overlay-opacity":"","overlay-gradient":""},"tablet":{"background-color":"var(--ast-global-color-4)","background-image":"","background-repeat":"repeat","background-position":"center center","background-size":"auto","background-attachment":"scroll","background-type":"","background-media":"","overlay-type":"","overlay-color":"","overlay-opacity":"","overlay-gradient":""},"mobile":{"background-color":"var(--ast-global-color-4)","background-image":"","background-repeat":"repeat","background-position":"center center","background-size":"auto","background-attachment":"scroll","background-type":"","background-media":"","overlay-type":"","overlay-color":"","overlay-opacity":"","overlay-gradient":""}}},"product_brand":[31],"product_cat":[54],"product_tag":[],"class_list":{"0":"post-1540","1":"product","2":"type-product","3":"status-publish","4":"has-post-thumbnail","6":"product_brand-rain-bird","7":"product_cat-tillbehor","8":"product_shipping_class-sma-paket","9":"desktop-align-left","10":"tablet-align-left","11":"mobile-align-left","13":"first","14":"instock","15":"taxable","16":"shipping-taxable","17":"purchasable","18":"product-type-simple"},"_links":{"self":[{"href":"https:\/\/www.stage.matscobevattning.se\/fi\/wp-json\/wp\/v2\/product\/1540","targetHints":{"allow":["GET"]}}],"collection":[{"href":"https:\/\/www.stage.matscobevattning.se\/fi\/wp-json\/wp\/v2\/product"}],"about":[{"href":"https:\/\/www.stage.matscobevattning.se\/fi\/wp-json\/wp\/v2\/types\/product"}],"replies":[{"embeddable":true,"href":"https:\/\/www.stage.matscobevattning.se\/fi\/wp-json\/wp\/v2\/comments?post=1540"}],"wp:featuredmedia":[{"embeddable":true,"href":"https:\/\/www.stage.matscobevattning.se\/fi\/wp-json\/wp\/v2\/media\/1541"}],"wp:attachment":[{"href":"https:\/\/www.stage.matscobevattning.se\/fi\/wp-json\/wp\/v2\/media?parent=1540"}],"wp:term":[{"taxonomy":"product_brand","embeddable":true,"href":"https:\/\/www.stage.matscobevattning.se\/fi\/wp-json\/wp\/v2\/product_brand?post=1540"},{"taxonomy":"product_cat","embeddable":true,"href":"https:\/\/www.stage.matscobevattning.se\/fi\/wp-json\/wp\/v2\/product_cat?post=1540"},{"taxonomy":"product_tag","embeddable":true,"href":"https:\/\/www.stage.matscobevattning.se\/fi\/wp-json\/wp\/v2\/product_tag?post=1540"}],"curies":[{"name":"wp","href":"https:\/\/api.w.org\/{rel}","templated":true}]}}