{"id":1548,"date":"2025-11-12T11:48:40","date_gmt":"2025-11-12T11:48:40","guid":{"rendered":"https:\/\/www.stage.matscobevattning.se\/?post_type=product&#038;p=1548"},"modified":"2026-02-05T08:04:17","modified_gmt":"2026-02-05T08:04:17","slug":"rain-bird-cphvvbspmm-inline-ventil-hona-x-hona","status":"publish","type":"product","link":"https:\/\/www.stage.matscobevattning.se\/fi\/tuote\/rain-bird-cphvvbspmm-inline-ventil-hona-x-hona\/","title":{"rendered":"Rain Bird CPHVVBSPFF \u2013 Inline-ventil hona x hona"},"content":{"rendered":"<div class=\"flex-1 flex flex-col gap-3 px-4 max-w-3xl mx-auto w-full pt-1\">\n<div data-test-render-count=\"1\">\n<div>\n<div class=\"group relative pb-3\" data-is-streaming=\"false\">\n<div class=\"font-claude-response relative leading-[1.65rem] [&amp;_pre&gt;div]:bg-bg-000\/50 [&amp;_pre&gt;div]:border-0.5 [&amp;_pre&gt;div]:border-border-400 [&amp;_.ignore-pre-bg&gt;div]:bg-transparent [&amp;_.standard-markdown_:is(p,blockquote,h1,h2,h3,h4,h5,h6)]:pl-2 [&amp;_.standard-markdown_:is(p,blockquote,ul,ol,h1,h2,h3,h4,h5,h6)]:pr-8 [&amp;_.progressive-markdown_:is(p,blockquote,h1,h2,h3,h4,h5,h6)]:pl-2 [&amp;_.progressive-markdown_:is(p,blockquote,ul,ol,h1,h2,h3,h4,h5,h6)]:pr-8\">\n<div>\n<div class=\"grid-cols-1 grid gap-2.5 [&amp;_&gt;_*]:min-w-0 standard-markdown\">\n<p class=\"whitespace-normal break-words\">Professionell inline-ventil fr\u00e5n Rain Bird med hona x hona-koppling f\u00f6r enkel installation direkt i bevattningssystemet. Designad f\u00f6r att minimera tryckf\u00f6rlust och ge maximal prestanda med l\u00e5ng livsl\u00e4ngd.<\/p>\n<ul>\n<li>Anslutning: 2,5 cm (1 tum) BSP hona x hona<\/li>\n<li>Reverse Flow-design minskar belastningen p\u00e5 membranet f\u00f6r l\u00e4ngre livsl\u00e4ngd<\/li>\n<li>In-line-design minimerar tryckf\u00f6rlust fr\u00e5n smuts och skr\u00e4p under installationen<\/li>\n<li>Extern avluftning f\u00f6r att manuellt spola systemet fr\u00e5n smuts och skr\u00e4p under installation och uppstart<\/li>\n<li>Fungerar med alla vanliga sprinklertimers<\/li>\n<li>Kraftig konstruktion f\u00f6r professionell anv\u00e4ndning<\/li>\n<\/ul>\n<p class=\"whitespace-normal break-words\">Den smarta Reverse Flow-designen skyddar membranet och f\u00f6rl\u00e4nger ventilens livsl\u00e4ngd avsev\u00e4rt. Den externa avluftningen g\u00f6r det enkelt att spola systemet rent vid installation och service. Passar perfekt f\u00f6r b\u00e5de privata och professionella bevattningssystem d\u00e4r du vill ha p\u00e5litlig funktion s\u00e4song efter s\u00e4song.<\/p>\n<\/div>\n<\/div>\n<\/div>\n<\/div>\n<\/div>\n<\/div>\n<\/div>\n<div class=\"sticky bottom-0 mx-auto w-full pt-6 z-[5] relative\"><\/div>\n","protected":false},"excerpt":{"rendered":"<p class=\"whitespace-normal break-words\">Professionell inline-ventil fr\u00e5n Rain Bird med hona x hona-koppling f\u00f6r enkel installation direkt i bevattningssystemet. Designad f\u00f6r att minimera tryckf\u00f6rlust och ge maximal prestanda med l\u00e5ng livsl\u00e4ngd.<\/p>\n<ul>\n<li>Anslutning: 2,5 cm (1 tum) BSP hona x hona<\/li>\n<li>Reverse Flow-design minskar belastningen p\u00e5 membranet f\u00f6r l\u00e4ngre livsl\u00e4ngd<\/li>\n<li>In-line-design minimerar tryckf\u00f6rlust fr\u00e5n smuts och skr\u00e4p under installationen<\/li>\n<li>Extern avluftning f\u00f6r att manuellt spola systemet fr\u00e5n smuts och skr\u00e4p under installation och uppstart<\/li>\n<li>Fungerar med alla vanliga sprinklertimers<\/li>\n<li>Kraftig konstruktion f\u00f6r professionell anv\u00e4ndning<\/li>\n<\/ul>\n<p><img loading=\"lazy\" decoding=\"async\" class=\"alignnone wp-image-1495\" src=\"https:\/\/www.stage.matscobevattning.se\/wp-content\/uploads\/2025\/11\/RainBird_RGB_Brandmark_Green300-1-300x58.png\" alt=\"\" width=\"160\" height=\"31\" srcset=\"https:\/\/www.stage.matscobevattning.se\/wp-content\/uploads\/2025\/11\/RainBird_RGB_Brandmark_Green300-1-300x58.png 300w, https:\/\/www.stage.matscobevattning.se\/wp-content\/uploads\/2025\/11\/RainBird_RGB_Brandmark_Green300-1-1024x198.png 1024w, https:\/\/www.stage.matscobevattning.se\/wp-content\/uploads\/2025\/11\/RainBird_RGB_Brandmark_Green300-1-768x149.png 768w, https:\/\/www.stage.matscobevattning.se\/wp-content\/uploads\/2025\/11\/RainBird_RGB_Brandmark_Green300-1-1536x297.png 1536w, https:\/\/www.stage.matscobevattning.se\/wp-content\/uploads\/2025\/11\/RainBird_RGB_Brandmark_Green300-1-600x116.png 600w, https:\/\/www.stage.matscobevattning.se\/wp-content\/uploads\/2025\/11\/RainBird_RGB_Brandmark_Green300-1.png 1810w\" sizes=\"auto, (max-width: 160px) 100vw, 160px\" \/><\/p>","protected":false},"featured_media":1554,"comment_status":"closed","ping_status":"closed","template":"","meta":{"site-sidebar-layout":"default","site-content-layout":"","ast-site-content-layout":"default","site-content-style":"default","site-sidebar-style":"default","ast-global-header-display":"","ast-banner-title-visibility":"","ast-main-header-display":"","ast-hfb-above-header-display":"","ast-hfb-below-header-display":"","ast-hfb-mobile-header-display":"","site-post-title":"","ast-breadcrumbs-content":"","ast-featured-img":"","footer-sml-layout":"","theme-transparent-header-meta":"default","adv-header-id-meta":"","stick-header-meta":"","header-above-stick-meta":"","header-main-stick-meta":"","header-below-stick-meta":"","astra-migrate-meta-layouts":"set","ast-page-background-enabled":"default","ast-page-background-meta":{"desktop":{"background-color":"var(--ast-global-color-5)","background-image":"","background-repeat":"repeat","background-position":"center center","background-size":"auto","background-attachment":"scroll","background-type":"","background-media":"","overlay-type":"","overlay-color":"","overlay-opacity":"","overlay-gradient":""},"tablet":{"background-color":"","background-image":"","background-repeat":"repeat","background-position":"center center","background-size":"auto","background-attachment":"scroll","background-type":"","background-media":"","overlay-type":"","overlay-color":"","overlay-opacity":"","overlay-gradient":""},"mobile":{"background-color":"","background-image":"","background-repeat":"repeat","background-position":"center center","background-size":"auto","background-attachment":"scroll","background-type":"","background-media":"","overlay-type":"","overlay-color":"","overlay-opacity":"","overlay-gradient":""}},"ast-content-background-meta":{"desktop":{"background-color":"var(--ast-global-color-4)","background-image":"","background-repeat":"repeat","background-position":"center center","background-size":"auto","background-attachment":"scroll","background-type":"","background-media":"","overlay-type":"","overlay-color":"","overlay-opacity":"","overlay-gradient":""},"tablet":{"background-color":"var(--ast-global-color-4)","background-image":"","background-repeat":"repeat","background-position":"center center","background-size":"auto","background-attachment":"scroll","background-type":"","background-media":"","overlay-type":"","overlay-color":"","overlay-opacity":"","overlay-gradient":""},"mobile":{"background-color":"var(--ast-global-color-4)","background-image":"","background-repeat":"repeat","background-position":"center center","background-size":"auto","background-attachment":"scroll","background-type":"","background-media":"","overlay-type":"","overlay-color":"","overlay-opacity":"","overlay-gradient":""}}},"product_brand":[31],"product_cat":[51],"product_tag":[],"class_list":{"0":"post-1548","1":"product","2":"type-product","3":"status-publish","4":"has-post-thumbnail","6":"product_brand-rain-bird","7":"product_cat-ventiler","8":"product_shipping_class-sma-paket","9":"desktop-align-left","10":"tablet-align-left","11":"mobile-align-left","13":"first","14":"instock","15":"taxable","16":"shipping-taxable","17":"purchasable","18":"product-type-simple"},"_links":{"self":[{"href":"https:\/\/www.stage.matscobevattning.se\/fi\/wp-json\/wp\/v2\/product\/1548","targetHints":{"allow":["GET"]}}],"collection":[{"href":"https:\/\/www.stage.matscobevattning.se\/fi\/wp-json\/wp\/v2\/product"}],"about":[{"href":"https:\/\/www.stage.matscobevattning.se\/fi\/wp-json\/wp\/v2\/types\/product"}],"replies":[{"embeddable":true,"href":"https:\/\/www.stage.matscobevattning.se\/fi\/wp-json\/wp\/v2\/comments?post=1548"}],"wp:featuredmedia":[{"embeddable":true,"href":"https:\/\/www.stage.matscobevattning.se\/fi\/wp-json\/wp\/v2\/media\/1554"}],"wp:attachment":[{"href":"https:\/\/www.stage.matscobevattning.se\/fi\/wp-json\/wp\/v2\/media?parent=1548"}],"wp:term":[{"taxonomy":"product_brand","embeddable":true,"href":"https:\/\/www.stage.matscobevattning.se\/fi\/wp-json\/wp\/v2\/product_brand?post=1548"},{"taxonomy":"product_cat","embeddable":true,"href":"https:\/\/www.stage.matscobevattning.se\/fi\/wp-json\/wp\/v2\/product_cat?post=1548"},{"taxonomy":"product_tag","embeddable":true,"href":"https:\/\/www.stage.matscobevattning.se\/fi\/wp-json\/wp\/v2\/product_tag?post=1548"}],"curies":[{"name":"wp","href":"https:\/\/api.w.org\/{rel}","templated":true}]}}