{"id":1573,"date":"2025-11-25T12:17:56","date_gmt":"2025-11-25T12:17:56","guid":{"rendered":"https:\/\/www.stage.matscobevattning.se\/?post_type=product&#038;p=1573"},"modified":"2026-02-05T08:04:20","modified_gmt":"2026-02-05T08:04:20","slug":"rain-bird-ezsa127550-svangaggregat-30-cm","status":"publish","type":"product","link":"https:\/\/www.stage.matscobevattning.se\/fi\/tuote\/rain-bird-ezsa127550-svangaggregat-30-cm\/","title":{"rendered":"Rain Bird EZSA127550 Swing joint 30 cm (3\/4&#8243; x 1\/2&#8243;)"},"content":{"rendered":"<p class=\"font-claude-response-body whitespace-normal break-words\">F\u00f6rmonterad 30 cm sv\u00e4ngaggregat (swing joint) med g\u00e4ngade armb\u00e5gar som sparar tid och minskar installationskostnader. Sv\u00e4ngarmens l\u00e4ngd g\u00f6r det m\u00f6jligt att snabbt justera sprayhuvudena till r\u00e4tt lutning och minimerar systemdjupet under jord \u2013 perfekt f\u00f6r effektiv installation av pop-up sprinklers och bevattningssystem.<\/p>\n<ul class=\"[&amp;:not(:last-child)_ul]:pb-1 [&amp;:not(:last-child)_ol]:pb-1 list-disc space-y-2.5 pl-7\">\n<li class=\"whitespace-normal break-words\">30 cm (12 tum) l\u00e5ng sv\u00e4ngr\u00f6rsenhet med 3\/4 tum x 1\/2 tum hanr\u00f6r g\u00e4ngade armb\u00e5gar<\/li>\n<li class=\"whitespace-normal break-words\">F\u00f6rmonterade enheter sparar tid och minskar installationskostnaderna avsev\u00e4rt<\/li>\n<li class=\"whitespace-normal break-words\">Sv\u00e4ngarmens flexibilitet skyddar sprinklern fr\u00e5n skador vid till exempel gr\u00e4sklippning<\/li>\n<li class=\"whitespace-normal break-words\">Minimerar det totala systemdjupet under jord f\u00f6r enklare installation<\/li>\n<li class=\"whitespace-normal break-words\">M\u00f6jligg\u00f6r enkel parallellanslutning av sprinklerhuvuden till huvudbevattningsledningen<\/li>\n<li class=\"whitespace-normal break-words\">Flexibel anslutning som anpassar sig efter markf\u00f6rh\u00e5llanden och underl\u00e4ttar underh\u00e5ll<\/li>\n<\/ul>\n<p class=\"font-claude-response-body whitespace-normal break-words\">Komplett l\u00f6sning f\u00f6r professionell sprinklerinstallation med tidsbesparande och flexibel design.<\/p>\n","protected":false},"excerpt":{"rendered":"<p class=\"font-claude-response-body whitespace-normal break-words\">F\u00f6rmonterad 30 cm sv\u00e4ngaggregat (swing joint) med g\u00e4ngade armb\u00e5gar f\u00f6r snabb och flexibel installation av pop-up sprinklers.<\/p>\n<ul class=\"[&amp;:not(:last-child)_ul]:pb-1 [&amp;:not(:last-child)_ol]:pb-1 list-disc space-y-2.5 pl-7\">\n<li class=\"whitespace-normal break-words\">F\u00f6rmonterad enhet sparar installationstid och minskar kostnader<\/li>\n<li>Sv\u00e4ngarmens flexibilitet skyddar sprinklern fr\u00e5n skador vid till exempel gr\u00e4sklippning<\/li>\n<li class=\"whitespace-normal break-words\">Minimerar systemdjupet under jord och m\u00f6jligg\u00f6r enkel parallellanslutning<\/li>\n<\/ul>\n<p class=\"font-claude-response-body whitespace-normal break-words\">Perfekt f\u00f6r effektiv installation av bevattningssystem med flexibel anpassning till markf\u00f6rh\u00e5llanden.<\/p>\n","protected":false},"featured_media":1574,"comment_status":"closed","ping_status":"closed","template":"","meta":{"site-sidebar-layout":"default","site-content-layout":"","ast-site-content-layout":"default","site-content-style":"default","site-sidebar-style":"default","ast-global-header-display":"","ast-banner-title-visibility":"","ast-main-header-display":"","ast-hfb-above-header-display":"","ast-hfb-below-header-display":"","ast-hfb-mobile-header-display":"","site-post-title":"","ast-breadcrumbs-content":"","ast-featured-img":"","footer-sml-layout":"","theme-transparent-header-meta":"default","adv-header-id-meta":"","stick-header-meta":"","header-above-stick-meta":"","header-main-stick-meta":"","header-below-stick-meta":"","astra-migrate-meta-layouts":"set","ast-page-background-enabled":"default","ast-page-background-meta":{"desktop":{"background-color":"var(--ast-global-color-5)","background-image":"","background-repeat":"repeat","background-position":"center center","background-size":"auto","background-attachment":"scroll","background-type":"","background-media":"","overlay-type":"","overlay-color":"","overlay-opacity":"","overlay-gradient":""},"tablet":{"background-color":"","background-image":"","background-repeat":"repeat","background-position":"center center","background-size":"auto","background-attachment":"scroll","background-type":"","background-media":"","overlay-type":"","overlay-color":"","overlay-opacity":"","overlay-gradient":""},"mobile":{"background-color":"","background-image":"","background-repeat":"repeat","background-position":"center center","background-size":"auto","background-attachment":"scroll","background-type":"","background-media":"","overlay-type":"","overlay-color":"","overlay-opacity":"","overlay-gradient":""}},"ast-content-background-meta":{"desktop":{"background-color":"var(--ast-global-color-4)","background-image":"","background-repeat":"repeat","background-position":"center center","background-size":"auto","background-attachment":"scroll","background-type":"","background-media":"","overlay-type":"","overlay-color":"","overlay-opacity":"","overlay-gradient":""},"tablet":{"background-color":"var(--ast-global-color-4)","background-image":"","background-repeat":"repeat","background-position":"center center","background-size":"auto","background-attachment":"scroll","background-type":"","background-media":"","overlay-type":"","overlay-color":"","overlay-opacity":"","overlay-gradient":""},"mobile":{"background-color":"var(--ast-global-color-4)","background-image":"","background-repeat":"repeat","background-position":"center center","background-size":"auto","background-attachment":"scroll","background-type":"","background-media":"","overlay-type":"","overlay-color":"","overlay-opacity":"","overlay-gradient":""}}},"product_brand":[31],"product_cat":[53],"product_tag":[],"class_list":{"0":"post-1573","1":"product","2":"type-product","3":"status-publish","4":"has-post-thumbnail","6":"product_brand-rain-bird","7":"product_cat-swing-joints-och-adaptrar","8":"product_shipping_class-sma-paket","9":"desktop-align-left","10":"tablet-align-left","11":"mobile-align-left","13":"first","14":"instock","15":"taxable","16":"shipping-taxable","17":"purchasable","18":"product-type-simple"},"_links":{"self":[{"href":"https:\/\/www.stage.matscobevattning.se\/fi\/wp-json\/wp\/v2\/product\/1573","targetHints":{"allow":["GET"]}}],"collection":[{"href":"https:\/\/www.stage.matscobevattning.se\/fi\/wp-json\/wp\/v2\/product"}],"about":[{"href":"https:\/\/www.stage.matscobevattning.se\/fi\/wp-json\/wp\/v2\/types\/product"}],"replies":[{"embeddable":true,"href":"https:\/\/www.stage.matscobevattning.se\/fi\/wp-json\/wp\/v2\/comments?post=1573"}],"wp:featuredmedia":[{"embeddable":true,"href":"https:\/\/www.stage.matscobevattning.se\/fi\/wp-json\/wp\/v2\/media\/1574"}],"wp:attachment":[{"href":"https:\/\/www.stage.matscobevattning.se\/fi\/wp-json\/wp\/v2\/media?parent=1573"}],"wp:term":[{"taxonomy":"product_brand","embeddable":true,"href":"https:\/\/www.stage.matscobevattning.se\/fi\/wp-json\/wp\/v2\/product_brand?post=1573"},{"taxonomy":"product_cat","embeddable":true,"href":"https:\/\/www.stage.matscobevattning.se\/fi\/wp-json\/wp\/v2\/product_cat?post=1573"},{"taxonomy":"product_tag","embeddable":true,"href":"https:\/\/www.stage.matscobevattning.se\/fi\/wp-json\/wp\/v2\/product_tag?post=1573"}],"curies":[{"name":"wp","href":"https:\/\/api.w.org\/{rel}","templated":true}]}}