{"id":1592,"date":"2025-11-26T08:31:12","date_gmt":"2025-11-26T08:31:12","guid":{"rendered":"https:\/\/www.stage.matscobevattning.se\/?post_type=product&#038;p=1592"},"modified":"2026-02-05T08:04:23","modified_gmt":"2026-02-05T08:04:23","slug":"1592","status":"publish","type":"product","link":"https:\/\/www.stage.matscobevattning.se\/fi\/tuote\/1592\/","title":{"rendered":"Rain Bird Rund ventilbox med kulventil"},"content":{"rendered":"<p class=\"font-claude-response-body whitespace-normal break-words\">Rund ventilbox\/bevattningspost med inbyggd ventil f\u00f6r enkel slangbevattning. Ger dig en fast vattenpunkt i tr\u00e4dg\u00e5rden d\u00e4r du snabbt kan koppla in slang eller annan bevattningsutrustning \u2013 perfekt n\u00e4r du vill ha flexibel tillg\u00e5ng till vatten utan att beh\u00f6va dra slang fr\u00e5n huset.<\/p>\n<ul class=\"[&amp;:not(:last-child)_ul]:pb-1 [&amp;:not(:last-child)_ol]:pb-1 list-disc space-y-2.5 pl-7\">\n<li class=\"whitespace-normal break-words\">Rund bevattningspost med inbyggd 3\/4&#8243; ventil<\/li>\n<li class=\"whitespace-normal break-words\">Perfekt som fast vattenpunkt f\u00f6r slangar och bevattningsutrustning<\/li>\n<li class=\"whitespace-normal break-words\">Enkel anslutning med 19 mm utlopp och 19 mm inlopp<\/li>\n<li class=\"whitespace-normal break-words\">Skyddande lock f\u00f6rhindrar skador fr\u00e5n gr\u00e4sklippare<\/li>\n<li class=\"whitespace-normal break-words\">Kan placeras flexibelt i tr\u00e4dg\u00e5rden<\/li>\n<\/ul>\n<p class=\"font-claude-response-body whitespace-normal break-words\">Praktisk l\u00f6sning f\u00f6r flexibel bevattning med skydd och enkel \u00e5tkomst.<\/p>\n","protected":false},"excerpt":{"rendered":"<p class=\"font-claude-response-body whitespace-normal break-words\">Rund ventilbox\/bevattningspost med inbyggd ventil f\u00f6r enkel och skyddad slangbevattning i tr\u00e4dg\u00e5rden.<\/p>\n<ul class=\"[&amp;:not(:last-child)_ul]:pb-1 [&amp;:not(:last-child)_ol]:pb-1 list-disc space-y-2.5 pl-7\">\n<li class=\"whitespace-normal break-words\">Inbyggd ventil f\u00f6r snabb p\u00e5- och avst\u00e4ngning av vatten<\/li>\n<li class=\"whitespace-normal break-words\">Skyddande lock mot gr\u00e4sklippare och tr\u00e4dg\u00e5rdsutrustning<\/li>\n<li class=\"whitespace-normal break-words\">Ger dig en fast vattenpunkt d\u00e4r du beh\u00f6ver den<\/li>\n<\/ul>\n<p class=\"font-claude-response-body whitespace-normal break-words\">Perfekt f\u00f6r att skapa flexibla vattenpunkter i tr\u00e4dg\u00e5rden utan synliga slangar.<\/p>\n<p><strong>Produkten finns inte i v\u00e5rt sortiment \u00e4nnu, men kommer snart.<\/strong><\/p>\n","protected":false},"featured_media":1594,"comment_status":"closed","ping_status":"closed","template":"","meta":{"site-sidebar-layout":"default","site-content-layout":"","ast-site-content-layout":"default","site-content-style":"default","site-sidebar-style":"default","ast-global-header-display":"","ast-banner-title-visibility":"","ast-main-header-display":"","ast-hfb-above-header-display":"","ast-hfb-below-header-display":"","ast-hfb-mobile-header-display":"","site-post-title":"","ast-breadcrumbs-content":"","ast-featured-img":"","footer-sml-layout":"","theme-transparent-header-meta":"default","adv-header-id-meta":"","stick-header-meta":"","header-above-stick-meta":"","header-main-stick-meta":"","header-below-stick-meta":"","astra-migrate-meta-layouts":"set","ast-page-background-enabled":"default","ast-page-background-meta":{"desktop":{"background-color":"var(--ast-global-color-5)","background-image":"","background-repeat":"repeat","background-position":"center center","background-size":"auto","background-attachment":"scroll","background-type":"","background-media":"","overlay-type":"","overlay-color":"","overlay-opacity":"","overlay-gradient":""},"tablet":{"background-color":"","background-image":"","background-repeat":"repeat","background-position":"center center","background-size":"auto","background-attachment":"scroll","background-type":"","background-media":"","overlay-type":"","overlay-color":"","overlay-opacity":"","overlay-gradient":""},"mobile":{"background-color":"","background-image":"","background-repeat":"repeat","background-position":"center center","background-size":"auto","background-attachment":"scroll","background-type":"","background-media":"","overlay-type":"","overlay-color":"","overlay-opacity":"","overlay-gradient":""}},"ast-content-background-meta":{"desktop":{"background-color":"var(--ast-global-color-4)","background-image":"","background-repeat":"repeat","background-position":"center center","background-size":"auto","background-attachment":"scroll","background-type":"","background-media":"","overlay-type":"","overlay-color":"","overlay-opacity":"","overlay-gradient":""},"tablet":{"background-color":"var(--ast-global-color-4)","background-image":"","background-repeat":"repeat","background-position":"center center","background-size":"auto","background-attachment":"scroll","background-type":"","background-media":"","overlay-type":"","overlay-color":"","overlay-opacity":"","overlay-gradient":""},"mobile":{"background-color":"var(--ast-global-color-4)","background-image":"","background-repeat":"repeat","background-position":"center center","background-size":"auto","background-attachment":"scroll","background-type":"","background-media":"","overlay-type":"","overlay-color":"","overlay-opacity":"","overlay-gradient":""}}},"product_brand":[31],"product_cat":[54],"product_tag":[],"class_list":{"0":"post-1592","1":"product","2":"type-product","3":"status-publish","4":"has-post-thumbnail","6":"product_brand-rain-bird","7":"product_cat-tillbehor","8":"product_shipping_class-stora-paket","9":"desktop-align-left","10":"tablet-align-left","11":"mobile-align-left","13":"first","14":"outofstock","15":"taxable","16":"shipping-taxable","17":"purchasable","18":"product-type-simple"},"_links":{"self":[{"href":"https:\/\/www.stage.matscobevattning.se\/fi\/wp-json\/wp\/v2\/product\/1592","targetHints":{"allow":["GET"]}}],"collection":[{"href":"https:\/\/www.stage.matscobevattning.se\/fi\/wp-json\/wp\/v2\/product"}],"about":[{"href":"https:\/\/www.stage.matscobevattning.se\/fi\/wp-json\/wp\/v2\/types\/product"}],"replies":[{"embeddable":true,"href":"https:\/\/www.stage.matscobevattning.se\/fi\/wp-json\/wp\/v2\/comments?post=1592"}],"wp:featuredmedia":[{"embeddable":true,"href":"https:\/\/www.stage.matscobevattning.se\/fi\/wp-json\/wp\/v2\/media\/1594"}],"wp:attachment":[{"href":"https:\/\/www.stage.matscobevattning.se\/fi\/wp-json\/wp\/v2\/media?parent=1592"}],"wp:term":[{"taxonomy":"product_brand","embeddable":true,"href":"https:\/\/www.stage.matscobevattning.se\/fi\/wp-json\/wp\/v2\/product_brand?post=1592"},{"taxonomy":"product_cat","embeddable":true,"href":"https:\/\/www.stage.matscobevattning.se\/fi\/wp-json\/wp\/v2\/product_cat?post=1592"},{"taxonomy":"product_tag","embeddable":true,"href":"https:\/\/www.stage.matscobevattning.se\/fi\/wp-json\/wp\/v2\/product_tag?post=1592"}],"curies":[{"name":"wp","href":"https:\/\/api.w.org\/{rel}","templated":true}]}}