{"id":1595,"date":"2025-11-26T09:39:12","date_gmt":"2025-11-26T09:39:12","guid":{"rendered":"https:\/\/www.stage.matscobevattning.se\/?post_type=product&#038;p=1595"},"modified":"2026-02-05T08:04:24","modified_gmt":"2026-02-05T08:04:24","slug":"rain-bird-rund-ventilbox-10","status":"publish","type":"product","link":"https:\/\/www.stage.matscobevattning.se\/fi\/tuote\/rain-bird-rund-ventilbox-10\/","title":{"rendered":"Rain Bird Rund ventilbox 24 cm"},"content":{"rendered":"<p class=\"font-claude-response-body whitespace-normal break-words\">Rund ventilbox som skyddar dina bevattningsventiler fr\u00e5n v\u00e4der, smuts och skador. L\u00e4tt att installera med svart kropp och gr\u00f6nt lock som sm\u00e4lter in naturligt i gr\u00e4smattan \u2013 h\u00e5ller ditt bevattningssystem s\u00e4kert och l\u00e4ttillg\u00e4ngligt.<\/p>\n<ul class=\"[&amp;:not(:last-child)_ul]:pb-1 [&amp;:not(:last-child)_ol]:pb-1 list-disc space-y-2.5 pl-7\">\n<li class=\"whitespace-normal break-words\">Rund ventilbox f\u00f6r skydd av ventiler<\/li>\n<li class=\"whitespace-normal break-words\">Svart kropp och gr\u00f6nt lock som sm\u00e4lter in i gr\u00e4smattan<\/li>\n<li class=\"whitespace-normal break-words\">\u00d6verlappande lock som \u00e4r l\u00e4tt att \u00f6ppna och st\u00e4nga<\/li>\n<li class=\"whitespace-normal break-words\">F\u00f6rgjutna \u00f6ppningar g\u00f6r det enkelt att dra in r\u00f6r<\/li>\n<li class=\"whitespace-normal break-words\">Stabil konstruktion som t\u00e5l p\u00e5frestningar<\/li>\n<\/ul>\n<p class=\"font-claude-response-body whitespace-normal break-words\">P\u00e5litligt skydd f\u00f6r dina bevattningsventiler med enkel installation.<\/p>\n","protected":false},"excerpt":{"rendered":"<p class=\"font-claude-response-body whitespace-normal break-words\">Rund ventilbox f\u00f6r robust skydd av bevattningsventiler med l\u00e4tt installation.<\/p>\n<ul class=\"[&amp;:not(:last-child)_ul]:pb-1 [&amp;:not(:last-child)_ol]:pb-1 list-disc space-y-2.5 pl-7\">\n<li class=\"whitespace-normal break-words\">Robust konstruktion med svart kropp och gr\u00f6nt lock<\/li>\n<li class=\"whitespace-normal break-words\">\u00d6verlappande lock med strukturerad yta f\u00f6r s\u00e4ker \u00e5tkomst<\/li>\n<li class=\"whitespace-normal break-words\">F\u00f6rgjutna slitsar f\u00f6r enkel placering av matningsr\u00f6r<\/li>\n<\/ul>\n<p class=\"font-claude-response-body whitespace-normal break-words\">Perfekt skydd f\u00f6r bevattningsventiler mot v\u00e4der, smuts och tr\u00e4dg\u00e5rdsutrustning.<\/p>\n","protected":false},"featured_media":1591,"comment_status":"closed","ping_status":"closed","template":"","meta":{"site-sidebar-layout":"default","site-content-layout":"","ast-site-content-layout":"default","site-content-style":"default","site-sidebar-style":"default","ast-global-header-display":"","ast-banner-title-visibility":"","ast-main-header-display":"","ast-hfb-above-header-display":"","ast-hfb-below-header-display":"","ast-hfb-mobile-header-display":"","site-post-title":"","ast-breadcrumbs-content":"","ast-featured-img":"","footer-sml-layout":"","theme-transparent-header-meta":"default","adv-header-id-meta":"","stick-header-meta":"","header-above-stick-meta":"","header-main-stick-meta":"","header-below-stick-meta":"","astra-migrate-meta-layouts":"set","ast-page-background-enabled":"default","ast-page-background-meta":{"desktop":{"background-color":"var(--ast-global-color-5)","background-image":"","background-repeat":"repeat","background-position":"center center","background-size":"auto","background-attachment":"scroll","background-type":"","background-media":"","overlay-type":"","overlay-color":"","overlay-opacity":"","overlay-gradient":""},"tablet":{"background-color":"","background-image":"","background-repeat":"repeat","background-position":"center center","background-size":"auto","background-attachment":"scroll","background-type":"","background-media":"","overlay-type":"","overlay-color":"","overlay-opacity":"","overlay-gradient":""},"mobile":{"background-color":"","background-image":"","background-repeat":"repeat","background-position":"center center","background-size":"auto","background-attachment":"scroll","background-type":"","background-media":"","overlay-type":"","overlay-color":"","overlay-opacity":"","overlay-gradient":""}},"ast-content-background-meta":{"desktop":{"background-color":"var(--ast-global-color-4)","background-image":"","background-repeat":"repeat","background-position":"center center","background-size":"auto","background-attachment":"scroll","background-type":"","background-media":"","overlay-type":"","overlay-color":"","overlay-opacity":"","overlay-gradient":""},"tablet":{"background-color":"var(--ast-global-color-4)","background-image":"","background-repeat":"repeat","background-position":"center center","background-size":"auto","background-attachment":"scroll","background-type":"","background-media":"","overlay-type":"","overlay-color":"","overlay-opacity":"","overlay-gradient":""},"mobile":{"background-color":"var(--ast-global-color-4)","background-image":"","background-repeat":"repeat","background-position":"center center","background-size":"auto","background-attachment":"scroll","background-type":"","background-media":"","overlay-type":"","overlay-color":"","overlay-opacity":"","overlay-gradient":""}}},"product_brand":[31],"product_cat":[54],"product_tag":[],"class_list":{"0":"post-1595","1":"product","2":"type-product","3":"status-publish","4":"has-post-thumbnail","6":"product_brand-rain-bird","7":"product_cat-tillbehor","8":"product_shipping_class-stora-paket","9":"desktop-align-left","10":"tablet-align-left","11":"mobile-align-left","13":"first","14":"instock","15":"taxable","16":"shipping-taxable","17":"purchasable","18":"product-type-simple"},"_links":{"self":[{"href":"https:\/\/www.stage.matscobevattning.se\/fi\/wp-json\/wp\/v2\/product\/1595","targetHints":{"allow":["GET"]}}],"collection":[{"href":"https:\/\/www.stage.matscobevattning.se\/fi\/wp-json\/wp\/v2\/product"}],"about":[{"href":"https:\/\/www.stage.matscobevattning.se\/fi\/wp-json\/wp\/v2\/types\/product"}],"replies":[{"embeddable":true,"href":"https:\/\/www.stage.matscobevattning.se\/fi\/wp-json\/wp\/v2\/comments?post=1595"}],"wp:featuredmedia":[{"embeddable":true,"href":"https:\/\/www.stage.matscobevattning.se\/fi\/wp-json\/wp\/v2\/media\/1591"}],"wp:attachment":[{"href":"https:\/\/www.stage.matscobevattning.se\/fi\/wp-json\/wp\/v2\/media?parent=1595"}],"wp:term":[{"taxonomy":"product_brand","embeddable":true,"href":"https:\/\/www.stage.matscobevattning.se\/fi\/wp-json\/wp\/v2\/product_brand?post=1595"},{"taxonomy":"product_cat","embeddable":true,"href":"https:\/\/www.stage.matscobevattning.se\/fi\/wp-json\/wp\/v2\/product_cat?post=1595"},{"taxonomy":"product_tag","embeddable":true,"href":"https:\/\/www.stage.matscobevattning.se\/fi\/wp-json\/wp\/v2\/product_tag?post=1595"}],"curies":[{"name":"wp","href":"https:\/\/api.w.org\/{rel}","templated":true}]}}