{"id":1598,"date":"2025-11-26T10:11:50","date_gmt":"2025-11-26T10:11:50","guid":{"rendered":"https:\/\/www.stage.matscobevattning.se\/?post_type=product&#038;p=1598"},"modified":"2026-02-10T07:44:49","modified_gmt":"2026-02-10T07:44:49","slug":"rain-bird-startpaket-for-droppbevattning","status":"publish","type":"product","link":"https:\/\/www.stage.matscobevattning.se\/fi\/tuote\/rain-bird-startpaket-for-droppbevattning\/","title":{"rendered":"Rain Bird Startpaket f\u00f6r droppbevattning i tr\u00e4dg\u00e5rd"},"content":{"rendered":"<p class=\"font-claude-response-body whitespace-normal break-words\">Komplett startpaket med allt du beh\u00f6ver f\u00f6r att komma ig\u00e5ng med droppbevattning i din tr\u00e4dg\u00e5rd. Passar b\u00e5de 3\/4&#8243; (20 mm) och 1&#8243; (25 mm) droppbevattningssystem \u2013 perfekt f\u00f6r att effektivt vattna rabatter, h\u00e4ckar och planteringar med minimal vattenanv\u00e4ndning.<\/p>\n<p><strong>Paketet inkluderar:<\/strong><\/p>\n<ul class=\"[&amp;:not(:last-child)_ul]:pb-1 [&amp;:not(:last-child)_ol]:pb-1 list-disc space-y-2.5 pl-7\">\n<li>Snabbkoppling f\u00f6r 3\/4&#8243; (20 mm) eller 1&#8243; (25 mm) droppbevattningssystem<\/li>\n<li class=\"whitespace-normal break-words\">Inkluderar tryckregulator p\u00e5 25 psi (1,7 bar) f\u00f6r j\u00e4mnt och stabilt vattentryck<\/li>\n<li class=\"whitespace-normal break-words\">6 mm x 30 m f\u00f6rdelningsr\u00f6r f\u00f6r flexibel installation<\/li>\n<li class=\"whitespace-normal break-words\">6 mm 10-pack r\u00f6rh\u00e5llare som h\u00e5ller slangen p\u00e5 plats<\/li>\n<li class=\"whitespace-normal break-words\">6 mm 10-pack r\u00f6rplugg f\u00f6r att st\u00e4nga av oanv\u00e4nda \u00e4ndar<\/li>\n<li class=\"whitespace-normal break-words\">6 mm 10-pack T-r\u00f6r f\u00f6r att dela upp vattnet till flera omr\u00e5den<\/li>\n<li class=\"whitespace-normal break-words\">3,8 lph 10-pack droppmunstycke f\u00f6r j\u00e4mn och effektiv vattning<\/li>\n<\/ul>\n<p class=\"font-claude-response-body whitespace-normal break-words\">Komplett l\u00f6sning f\u00f6r att komma ig\u00e5ng med vattensn\u00e5l och effektiv droppbevattning.<\/p>\n","protected":false},"excerpt":{"rendered":"<p class=\"font-claude-response-body whitespace-normal break-words\">Komplett startpaket f\u00f6r droppbevattning med allt du beh\u00f6ver f\u00f6r att s\u00e4tta upp ett effektivt bevattningssystem.<\/p>\n<ul class=\"[&amp;:not(:last-child)_ul]:pb-1 [&amp;:not(:last-child)_ol]:pb-1 list-disc space-y-2.5 pl-7\">\n<li class=\"whitespace-normal break-words\">Inkluderar 30 meter f\u00f6rdelningsr\u00f6r och tryckregulator<\/li>\n<li class=\"whitespace-normal break-words\">Komplett med munstycken, r\u00f6rh\u00e5llare och kopplingar<\/li>\n<\/ul>\n<p class=\"font-claude-response-body whitespace-normal break-words\">Perfekt f\u00f6r att komma ig\u00e5ng med vattensn\u00e5l droppbevattning i tr\u00e4dg\u00e5rden.<\/p>\n","protected":false},"featured_media":1585,"comment_status":"closed","ping_status":"closed","template":"","meta":{"site-sidebar-layout":"default","site-content-layout":"","ast-site-content-layout":"default","site-content-style":"default","site-sidebar-style":"default","ast-global-header-display":"","ast-banner-title-visibility":"","ast-main-header-display":"","ast-hfb-above-header-display":"","ast-hfb-below-header-display":"","ast-hfb-mobile-header-display":"","site-post-title":"","ast-breadcrumbs-content":"","ast-featured-img":"","footer-sml-layout":"","theme-transparent-header-meta":"default","adv-header-id-meta":"","stick-header-meta":"","header-above-stick-meta":"","header-main-stick-meta":"","header-below-stick-meta":"","astra-migrate-meta-layouts":"set","ast-page-background-enabled":"default","ast-page-background-meta":{"desktop":{"background-color":"var(--ast-global-color-5)","background-image":"","background-repeat":"repeat","background-position":"center center","background-size":"auto","background-attachment":"scroll","background-type":"","background-media":"","overlay-type":"","overlay-color":"","overlay-opacity":"","overlay-gradient":""},"tablet":{"background-color":"","background-image":"","background-repeat":"repeat","background-position":"center center","background-size":"auto","background-attachment":"scroll","background-type":"","background-media":"","overlay-type":"","overlay-color":"","overlay-opacity":"","overlay-gradient":""},"mobile":{"background-color":"","background-image":"","background-repeat":"repeat","background-position":"center center","background-size":"auto","background-attachment":"scroll","background-type":"","background-media":"","overlay-type":"","overlay-color":"","overlay-opacity":"","overlay-gradient":""}},"ast-content-background-meta":{"desktop":{"background-color":"var(--ast-global-color-4)","background-image":"","background-repeat":"repeat","background-position":"center center","background-size":"auto","background-attachment":"scroll","background-type":"","background-media":"","overlay-type":"","overlay-color":"","overlay-opacity":"","overlay-gradient":""},"tablet":{"background-color":"var(--ast-global-color-4)","background-image":"","background-repeat":"repeat","background-position":"center center","background-size":"auto","background-attachment":"scroll","background-type":"","background-media":"","overlay-type":"","overlay-color":"","overlay-opacity":"","overlay-gradient":""},"mobile":{"background-color":"var(--ast-global-color-4)","background-image":"","background-repeat":"repeat","background-position":"center center","background-size":"auto","background-attachment":"scroll","background-type":"","background-media":"","overlay-type":"","overlay-color":"","overlay-opacity":"","overlay-gradient":""}}},"product_brand":[31],"product_cat":[78],"product_tag":[],"class_list":{"0":"post-1598","1":"product","2":"type-product","3":"status-publish","4":"has-post-thumbnail","6":"product_brand-rain-bird","7":"product_cat-kompletta-bevattningspaket","8":"product_shipping_class-stora-paket","9":"desktop-align-left","10":"tablet-align-left","11":"mobile-align-left","13":"first","14":"instock","15":"taxable","16":"shipping-taxable","17":"purchasable","18":"product-type-simple"},"_links":{"self":[{"href":"https:\/\/www.stage.matscobevattning.se\/fi\/wp-json\/wp\/v2\/product\/1598","targetHints":{"allow":["GET"]}}],"collection":[{"href":"https:\/\/www.stage.matscobevattning.se\/fi\/wp-json\/wp\/v2\/product"}],"about":[{"href":"https:\/\/www.stage.matscobevattning.se\/fi\/wp-json\/wp\/v2\/types\/product"}],"replies":[{"embeddable":true,"href":"https:\/\/www.stage.matscobevattning.se\/fi\/wp-json\/wp\/v2\/comments?post=1598"}],"wp:featuredmedia":[{"embeddable":true,"href":"https:\/\/www.stage.matscobevattning.se\/fi\/wp-json\/wp\/v2\/media\/1585"}],"wp:attachment":[{"href":"https:\/\/www.stage.matscobevattning.se\/fi\/wp-json\/wp\/v2\/media?parent=1598"}],"wp:term":[{"taxonomy":"product_brand","embeddable":true,"href":"https:\/\/www.stage.matscobevattning.se\/fi\/wp-json\/wp\/v2\/product_brand?post=1598"},{"taxonomy":"product_cat","embeddable":true,"href":"https:\/\/www.stage.matscobevattning.se\/fi\/wp-json\/wp\/v2\/product_cat?post=1598"},{"taxonomy":"product_tag","embeddable":true,"href":"https:\/\/www.stage.matscobevattning.se\/fi\/wp-json\/wp\/v2\/product_tag?post=1598"}],"curies":[{"name":"wp","href":"https:\/\/api.w.org\/{rel}","templated":true}]}}