{"id":1603,"date":"2025-11-26T12:11:27","date_gmt":"2025-11-26T12:11:27","guid":{"rendered":"https:\/\/www.stage.matscobevattning.se\/?post_type=product&#038;p=1603"},"modified":"2026-02-10T07:42:10","modified_gmt":"2026-02-10T07:42:10","slug":"rain-bird-startpaket-for-droppbevattning-for-buskar-och-hackar","status":"publish","type":"product","link":"https:\/\/www.stage.matscobevattning.se\/fi\/tuote\/rain-bird-startpaket-for-droppbevattning-for-buskar-och-hackar\/","title":{"rendered":"Rain Bird Startpaket f\u00f6r droppbevattning f\u00f6r buskar och h\u00e4ckar"},"content":{"rendered":"<p class=\"font-claude-response-body whitespace-normal break-words\">Komplett droppbevattningskit speciellt anpassat f\u00f6r buskar och h\u00e4ckar med allt du beh\u00f6ver f\u00f6r effektiv och j\u00e4mn bevattning. Passar b\u00e5de 3\/4&#8243; (20 mm) och 1&#8243; (25 mm) droppbevattningssystem \u2013 perfekt f\u00f6r att h\u00e5lla dina buskar friska och v\u00e4lm\u00e5ende med minimal vattenanv\u00e4ndning.<\/p>\n<p><strong>Paketet inkluderar:<\/strong><\/p>\n<ul class=\"[&amp;:not(:last-child)_ul]:pb-1 [&amp;:not(:last-child)_ol]:pb-1 list-disc space-y-2.5 pl-7\">\n<li class=\"whitespace-normal break-words\">Snabbkoppling f\u00f6r 3\/4&#8243; (20 mm) eller 1&#8243; (25 mm) droppbevattningssystem<\/li>\n<li class=\"whitespace-normal break-words\">Inkluderar tryckregulator p\u00e5 25 psi (1,7 bar) f\u00f6r j\u00e4mnt vattentryck<\/li>\n<li class=\"whitespace-normal break-words\">12 mm x 30 m droppslang (XFD-r\u00f6r) f\u00f6r enkel installation l\u00e4ngs buskar<\/li>\n<li class=\"whitespace-normal break-words\">12 mm 10-pack r\u00f6rh\u00e5llare som h\u00e5ller slangen s\u00e4kert p\u00e5 plats<\/li>\n<li class=\"whitespace-normal break-words\">12 mm \u00e4ndstopp 2-pack f\u00f6r att st\u00e4nga av slangen<\/li>\n<\/ul>\n<p class=\"font-claude-response-body whitespace-normal break-words\">Komplett l\u00f6sning f\u00f6r vattensn\u00e5l och effektiv bevattning av buskar och h\u00e4ckar.<\/p>\n","protected":false},"excerpt":{"rendered":"<p class=\"font-claude-response-body whitespace-normal break-words\">Komplett droppbevattningskit f\u00f6r buskar med allt du beh\u00f6ver f\u00f6r effektiv och j\u00e4mn bevattning av buskar och h\u00e4ckar.<\/p>\n<ul class=\"[&amp;:not(:last-child)_ul]:pb-1 [&amp;:not(:last-child)_ol]:pb-1 list-disc space-y-2.5 pl-7\">\n<li class=\"whitespace-normal break-words\">Speciellt anpassat f\u00f6r buskar och h\u00e4ckar<\/li>\n<li class=\"whitespace-normal break-words\">Inkluderar 30 meter droppslang och tryckregulator<\/li>\n<li class=\"whitespace-normal break-words\">Komplett med r\u00f6rh\u00e5llare och \u00e4ndstopp<\/li>\n<\/ul>\n<p class=\"font-claude-response-body whitespace-normal break-words\">Perfekt f\u00f6r att h\u00e5lla dina buskar friska med minimal vattenanv\u00e4ndning.<\/p>\n","protected":false},"featured_media":1589,"comment_status":"closed","ping_status":"closed","template":"","meta":{"site-sidebar-layout":"default","site-content-layout":"","ast-site-content-layout":"default","site-content-style":"default","site-sidebar-style":"default","ast-global-header-display":"","ast-banner-title-visibility":"","ast-main-header-display":"","ast-hfb-above-header-display":"","ast-hfb-below-header-display":"","ast-hfb-mobile-header-display":"","site-post-title":"","ast-breadcrumbs-content":"","ast-featured-img":"","footer-sml-layout":"","theme-transparent-header-meta":"default","adv-header-id-meta":"","stick-header-meta":"","header-above-stick-meta":"","header-main-stick-meta":"","header-below-stick-meta":"","astra-migrate-meta-layouts":"set","ast-page-background-enabled":"default","ast-page-background-meta":{"desktop":{"background-color":"var(--ast-global-color-5)","background-image":"","background-repeat":"repeat","background-position":"center center","background-size":"auto","background-attachment":"scroll","background-type":"","background-media":"","overlay-type":"","overlay-color":"","overlay-opacity":"","overlay-gradient":""},"tablet":{"background-color":"","background-image":"","background-repeat":"repeat","background-position":"center center","background-size":"auto","background-attachment":"scroll","background-type":"","background-media":"","overlay-type":"","overlay-color":"","overlay-opacity":"","overlay-gradient":""},"mobile":{"background-color":"","background-image":"","background-repeat":"repeat","background-position":"center center","background-size":"auto","background-attachment":"scroll","background-type":"","background-media":"","overlay-type":"","overlay-color":"","overlay-opacity":"","overlay-gradient":""}},"ast-content-background-meta":{"desktop":{"background-color":"var(--ast-global-color-4)","background-image":"","background-repeat":"repeat","background-position":"center center","background-size":"auto","background-attachment":"scroll","background-type":"","background-media":"","overlay-type":"","overlay-color":"","overlay-opacity":"","overlay-gradient":""},"tablet":{"background-color":"var(--ast-global-color-4)","background-image":"","background-repeat":"repeat","background-position":"center center","background-size":"auto","background-attachment":"scroll","background-type":"","background-media":"","overlay-type":"","overlay-color":"","overlay-opacity":"","overlay-gradient":""},"mobile":{"background-color":"var(--ast-global-color-4)","background-image":"","background-repeat":"repeat","background-position":"center center","background-size":"auto","background-attachment":"scroll","background-type":"","background-media":"","overlay-type":"","overlay-color":"","overlay-opacity":"","overlay-gradient":""}}},"product_brand":[31],"product_cat":[78],"product_tag":[],"class_list":{"0":"post-1603","1":"product","2":"type-product","3":"status-publish","4":"has-post-thumbnail","6":"product_brand-rain-bird","7":"product_cat-kompletta-bevattningspaket","8":"product_shipping_class-stora-paket","9":"desktop-align-left","10":"tablet-align-left","11":"mobile-align-left","13":"first","14":"instock","15":"taxable","16":"shipping-taxable","17":"purchasable","18":"product-type-simple"},"_links":{"self":[{"href":"https:\/\/www.stage.matscobevattning.se\/fi\/wp-json\/wp\/v2\/product\/1603","targetHints":{"allow":["GET"]}}],"collection":[{"href":"https:\/\/www.stage.matscobevattning.se\/fi\/wp-json\/wp\/v2\/product"}],"about":[{"href":"https:\/\/www.stage.matscobevattning.se\/fi\/wp-json\/wp\/v2\/types\/product"}],"replies":[{"embeddable":true,"href":"https:\/\/www.stage.matscobevattning.se\/fi\/wp-json\/wp\/v2\/comments?post=1603"}],"wp:featuredmedia":[{"embeddable":true,"href":"https:\/\/www.stage.matscobevattning.se\/fi\/wp-json\/wp\/v2\/media\/1589"}],"wp:attachment":[{"href":"https:\/\/www.stage.matscobevattning.se\/fi\/wp-json\/wp\/v2\/media?parent=1603"}],"wp:term":[{"taxonomy":"product_brand","embeddable":true,"href":"https:\/\/www.stage.matscobevattning.se\/fi\/wp-json\/wp\/v2\/product_brand?post=1603"},{"taxonomy":"product_cat","embeddable":true,"href":"https:\/\/www.stage.matscobevattning.se\/fi\/wp-json\/wp\/v2\/product_cat?post=1603"},{"taxonomy":"product_tag","embeddable":true,"href":"https:\/\/www.stage.matscobevattning.se\/fi\/wp-json\/wp\/v2\/product_tag?post=1603"}],"curies":[{"name":"wp","href":"https:\/\/api.w.org\/{rel}","templated":true}]}}