{"id":1739,"date":"2026-02-10T07:59:42","date_gmt":"2026-02-10T07:59:42","guid":{"rendered":"https:\/\/www.stage.matscobevattning.se\/?post_type=product&#038;p=1739"},"modified":"2026-02-10T13:25:40","modified_gmt":"2026-02-10T13:25:40","slug":"rain-bird-c10011-timer-for-slangslutning-bsp-enkel-analog-bevattningsstyrning","status":"publish","type":"product","link":"https:\/\/www.stage.matscobevattning.se\/fi\/tuote\/rain-bird-c10011-timer-for-slangslutning-bsp-enkel-analog-bevattningsstyrning\/","title":{"rendered":"Rain Bird C10011 Timer f\u00f6r slangslutning BSP \u2013 Enkel analog bevattningsstyrning"},"content":{"rendered":"<p class=\"font-claude-response-body whitespace-normal break-words\">L\u00e4ttanv\u00e4nd analog timer med manuell tidsinst\u00e4llningsfunktion f\u00f6r bevattning med sprinklers, slang\u00e4ndar, droppbevattning och bl\u00f6tl\u00e4ggningsslang. Enkel installation direkt p\u00e5 slangslutning med BSP-g\u00e4nga \u2013 perfekt f\u00f6r flexibel bevattning utan fast installation av styrenheter och magnetventiler.<\/p>\n<ul class=\"[&amp;:not(:last-child)_ul]:pb-1 [&amp;:not(:last-child)_ol]:pb-1 list-disc space-y-2.5 pl-7\">\n<li class=\"whitespace-normal break-words\">BSP-slang g\u00e4nga f\u00f6r enkel anslutning<\/li>\n<li class=\"whitespace-normal break-words\">Anv\u00e4nds f\u00f6r bevattning runt hela tr\u00e4dg\u00e5rden \u2013 tr\u00e4dg\u00e5rdar, landskapsb\u00e4ddar, nys\u00e5dda s\u00e5v\u00e4l som etablerade gr\u00e4smattor<\/li>\n<\/ul>\n<p class=\"font-claude-response-body whitespace-normal break-words\">Komplett bevattningsl\u00f6sning f\u00f6r slangbevattning med smart timer-funktion och enkel anv\u00e4ndning.<\/p>\n","protected":false},"excerpt":{"rendered":"<p class=\"font-claude-response-body whitespace-normal break-words\">L\u00e4ttanv\u00e4nd analog timer f\u00f6r slangbevattning med enkel installation direkt p\u00e5 slangslutning.<\/p>\n<ul class=\"[&amp;:not(:last-child)_ul]:pb-1 [&amp;:not(:last-child)_ol]:pb-1 list-disc space-y-2.5 pl-7\">\n<li class=\"whitespace-normal break-words\">Analog inst\u00e4llning f\u00f6r automatisk bevattning<\/li>\n<li class=\"whitespace-normal break-words\">St\u00e4llbar bevattningstid mellan 1-120 min<\/li>\n<\/ul>\n<p class=\"font-claude-response-body whitespace-normal break-words\">Perfekt f\u00f6r flexibel bevattning av tr\u00e4dg\u00e5rdar, b\u00e4ddar och gr\u00e4smattor utan fast installation.<\/p>\n","protected":false},"featured_media":1741,"comment_status":"closed","ping_status":"closed","template":"","meta":{"site-sidebar-layout":"default","site-content-layout":"","ast-site-content-layout":"default","site-content-style":"default","site-sidebar-style":"default","ast-global-header-display":"","ast-banner-title-visibility":"","ast-main-header-display":"","ast-hfb-above-header-display":"","ast-hfb-below-header-display":"","ast-hfb-mobile-header-display":"","site-post-title":"","ast-breadcrumbs-content":"","ast-featured-img":"","footer-sml-layout":"","theme-transparent-header-meta":"default","adv-header-id-meta":"","stick-header-meta":"","header-above-stick-meta":"","header-main-stick-meta":"","header-below-stick-meta":"","astra-migrate-meta-layouts":"set","ast-page-background-enabled":"default","ast-page-background-meta":{"desktop":{"background-color":"var(--ast-global-color-5)","background-image":"","background-repeat":"repeat","background-position":"center center","background-size":"auto","background-attachment":"scroll","background-type":"","background-media":"","overlay-type":"","overlay-color":"","overlay-opacity":"","overlay-gradient":""},"tablet":{"background-color":"","background-image":"","background-repeat":"repeat","background-position":"center center","background-size":"auto","background-attachment":"scroll","background-type":"","background-media":"","overlay-type":"","overlay-color":"","overlay-opacity":"","overlay-gradient":""},"mobile":{"background-color":"","background-image":"","background-repeat":"repeat","background-position":"center center","background-size":"auto","background-attachment":"scroll","background-type":"","background-media":"","overlay-type":"","overlay-color":"","overlay-opacity":"","overlay-gradient":""}},"ast-content-background-meta":{"desktop":{"background-color":"var(--ast-global-color-4)","background-image":"","background-repeat":"repeat","background-position":"center center","background-size":"auto","background-attachment":"scroll","background-type":"","background-media":"","overlay-type":"","overlay-color":"","overlay-opacity":"","overlay-gradient":""},"tablet":{"background-color":"var(--ast-global-color-4)","background-image":"","background-repeat":"repeat","background-position":"center center","background-size":"auto","background-attachment":"scroll","background-type":"","background-media":"","overlay-type":"","overlay-color":"","overlay-opacity":"","overlay-gradient":""},"mobile":{"background-color":"var(--ast-global-color-4)","background-image":"","background-repeat":"repeat","background-position":"center center","background-size":"auto","background-attachment":"scroll","background-type":"","background-media":"","overlay-type":"","overlay-color":"","overlay-opacity":"","overlay-gradient":""}}},"product_brand":[31],"product_cat":[64],"product_tag":[],"class_list":{"0":"post-1739","1":"product","2":"type-product","3":"status-publish","4":"has-post-thumbnail","6":"product_brand-rain-bird","7":"product_cat-timers","8":"product_shipping_class-sma-paket","9":"desktop-align-left","10":"tablet-align-left","11":"mobile-align-left","13":"first","14":"instock","15":"taxable","16":"shipping-taxable","17":"purchasable","18":"product-type-simple"},"_links":{"self":[{"href":"https:\/\/www.stage.matscobevattning.se\/fi\/wp-json\/wp\/v2\/product\/1739","targetHints":{"allow":["GET"]}}],"collection":[{"href":"https:\/\/www.stage.matscobevattning.se\/fi\/wp-json\/wp\/v2\/product"}],"about":[{"href":"https:\/\/www.stage.matscobevattning.se\/fi\/wp-json\/wp\/v2\/types\/product"}],"replies":[{"embeddable":true,"href":"https:\/\/www.stage.matscobevattning.se\/fi\/wp-json\/wp\/v2\/comments?post=1739"}],"wp:featuredmedia":[{"embeddable":true,"href":"https:\/\/www.stage.matscobevattning.se\/fi\/wp-json\/wp\/v2\/media\/1741"}],"wp:attachment":[{"href":"https:\/\/www.stage.matscobevattning.se\/fi\/wp-json\/wp\/v2\/media?parent=1739"}],"wp:term":[{"taxonomy":"product_brand","embeddable":true,"href":"https:\/\/www.stage.matscobevattning.se\/fi\/wp-json\/wp\/v2\/product_brand?post=1739"},{"taxonomy":"product_cat","embeddable":true,"href":"https:\/\/www.stage.matscobevattning.se\/fi\/wp-json\/wp\/v2\/product_cat?post=1739"},{"taxonomy":"product_tag","embeddable":true,"href":"https:\/\/www.stage.matscobevattning.se\/fi\/wp-json\/wp\/v2\/product_tag?post=1739"}],"curies":[{"name":"wp","href":"https:\/\/api.w.org\/{rel}","templated":true}]}}